{"id":919,"date":"2023-12-18T10:20:27","date_gmt":"2023-12-18T10:20:27","guid":{"rendered":"https:\/\/wirwaschen.com\/?page_id=919"},"modified":"2023-12-18T13:40:05","modified_gmt":"2023-12-18T13:40:05","slug":"wischmops-waschen-was-ist-zu-beachten-und-wie-funktioniert-der-waescheservice-fuer-mops","status":"publish","type":"page","link":"https:\/\/wirwaschen.com\/en\/washing-mops-how-to-do-it-and-how-to-use-a-laundry-service\/","title":{"rendered":"Wischmopps waschen &#8211; was ist zu beachten und wie funktioniert der W\u00e4scheservice f\u00fcr Mops?"},"content":{"rendered":"\t\t<div data-elementor-type=\"wp-page\" data-elementor-id=\"919\" class=\"elementor elementor-919\">\n\t\t\t\t\t\t<section class=\"elementor-section elementor-top-section elementor-element elementor-element-61caf9c elementor-section-boxed elementor-section-height-default elementor-section-height-default\" data-id=\"61caf9c\" data-element_type=\"section\" data-e-type=\"section\" data-settings=\"{&quot;background_background&quot;:&quot;classic&quot;}\">\n\t\t\t\t\t\t<div class=\"elementor-container elementor-column-gap-default\">\n\t\t\t\t\t<div class=\"elementor-column elementor-col-100 elementor-top-column elementor-element elementor-element-9d24ef4\" data-id=\"9d24ef4\" data-element_type=\"column\" data-e-type=\"column\">\n\t\t\t<div class=\"elementor-widget-wrap elementor-element-populated\">\n\t\t\t\t\t\t<div class=\"elementor-element elementor-element-1f59c7d elementor-widget elementor-widget-image\" data-id=\"1f59c7d\" data-element_type=\"widget\" data-e-type=\"widget\" data-widget_type=\"image.default\">\n\t\t\t\t<div class=\"elementor-widget-container\">\n\t\t\t\t\t\t\t\t\t\t\t\t\t\t\t<img fetchpriority=\"high\" decoding=\"async\" width=\"500\" height=\"334\" src=\"https:\/\/wirwaschen.com\/wp-content\/uploads\/2023\/12\/Office-mop-S.jpg\" class=\"attachment-full size-full wp-image-925\" alt=\"\" srcset=\"https:\/\/wirwaschen.com\/wp-content\/uploads\/2023\/12\/Office-mop-S.jpg 500w, https:\/\/wirwaschen.com\/wp-content\/uploads\/2023\/12\/Office-mop-S-300x200.jpg 300w, https:\/\/wirwaschen.com\/wp-content\/uploads\/2023\/12\/Office-mop-S-18x12.jpg 18w\" sizes=\"(max-width: 500px) 100vw, 500px\" \/>\t\t\t\t\t\t\t\t\t\t\t\t\t\t\t<\/div>\n\t\t\t\t<\/div>\n\t\t\t\t\t<\/div>\n\t\t<\/div>\n\t\t\t\t\t<\/div>\n\t\t<\/section>\n\t\t\t\t<section class=\"elementor-section elementor-top-section elementor-element elementor-element-bbd2bbf elementor-section-boxed elementor-section-height-default elementor-section-height-default\" data-id=\"bbd2bbf\" data-element_type=\"section\" data-e-type=\"section\">\n\t\t\t\t\t\t<div class=\"elementor-container elementor-column-gap-default\">\n\t\t\t\t\t<div class=\"elementor-column elementor-col-100 elementor-top-column elementor-element elementor-element-c493a5b\" data-id=\"c493a5b\" data-element_type=\"column\" data-e-type=\"column\">\n\t\t\t<div class=\"elementor-widget-wrap elementor-element-populated\">\n\t\t\t\t\t\t<div class=\"elementor-element elementor-element-88be28f elementor-widget elementor-widget-text-editor\" data-id=\"88be28f\" data-element_type=\"widget\" data-e-type=\"widget\" data-widget_type=\"text-editor.default\">\n\t\t\t\t<div class=\"elementor-widget-container\">\n\t\t\t\t\t\t\t\t\t<h3>wie sollten professionelle Unternehmen ihre Wischmopps reinigen?<\/h3><div><p>Nicht nur bei Reinigungsunternehmen und Hauswartservices werden Wischmopps genutzt: viele Firmen wischen ihren Boden selbst und m\u00fcssen die Mopps oder Lappen regelm\u00e4\u00dfig reinigen. Dabei sollten sie nicht auf eine Standardwaschmaschine zur\u00fcckgreifen, denn diese sind nicht f\u00fcr den hohen Schmutzanfall von Mopps ausgelegt und werden recht bald verstopfte Bauteile haben. Stattdessen sind spezielle Mopp-Waschmaschinen zu empfehlen, die f\u00fcr die Belastung ausgelegt sind:<\/p><\/div><ul><li>Die Mopps werden in einem Waschgang effizient gewaschen<\/li><li>Die Textilien werden geschont und k\u00f6nnen l\u00e4nger genutzt werden<\/li><li>Spezielle Programme f\u00fcr Reinigungstextilien erf\u00fcllen hohe Hygienestandards und entfernen neben dem Schmutz auch Viren und Bakterien<\/li><li>W\u00e4schetrockner bringen die Mopps effizient auf einen Trocknungsgrad, mit dem die Mopps direkt wieder eingesetzt werden k\u00f6nnen<\/li><\/ul>\t\t\t\t\t\t\t\t<\/div>\n\t\t\t\t<\/div>\n\t\t\t\t\t<\/div>\n\t\t<\/div>\n\t\t\t\t\t<\/div>\n\t\t<\/section>\n\t\t\t\t<section class=\"elementor-section elementor-top-section elementor-element elementor-element-59961b1 elementor-section-boxed elementor-section-height-default elementor-section-height-default\" data-id=\"59961b1\" data-element_type=\"section\" data-e-type=\"section\">\n\t\t\t\t\t\t<div class=\"elementor-container elementor-column-gap-default\">\n\t\t\t\t\t<div class=\"elementor-column elementor-col-100 elementor-top-column elementor-element elementor-element-ba2bde1\" data-id=\"ba2bde1\" data-element_type=\"column\" data-e-type=\"column\">\n\t\t\t<div class=\"elementor-widget-wrap elementor-element-populated\">\n\t\t\t\t\t\t<div class=\"elementor-element elementor-element-30d2a2f elementor-widget elementor-widget-text-editor\" data-id=\"30d2a2f\" data-element_type=\"widget\" data-e-type=\"widget\" data-widget_type=\"text-editor.default\">\n\t\t\t\t<div class=\"elementor-widget-container\">\n\t\t\t\t\t\t\t\t\t<h3>ArbeitsZeit und Sorgen sparen mit dem W\u00e4scheService von WirWaschen<\/h3>\n<div>\n<p>WirWaschen nimmt bereits vielen Unternehmen das waschen von Mopps, Lappen und anderen Textilien ab:<\/p>\n<\/div>\n<ul>\n<li>Die W\u00e4sche wird durch WirWaschen abgeholt<\/li>\n<li>Sie wird professionell gewaschen, getrocknet und bei Bedarf gefaltet<\/li>\n<li>Sie wird am Wunschtermin wieder geliefert<\/li>\n<li>Die Preise sind fair und transparent mit Abrechnung nach Gewicht oder St\u00fcckzahl<\/li>\n<\/ul>\t\t\t\t\t\t\t\t<\/div>\n\t\t\t\t<\/div>\n\t\t\t\t\t<\/div>\n\t\t<\/div>\n\t\t\t\t\t<\/div>\n\t\t<\/section>\n\t\t\t\t<section class=\"elementor-section elementor-top-section elementor-element elementor-element-72e6a36 elementor-section-boxed elementor-section-height-default elementor-section-height-default\" data-id=\"72e6a36\" data-element_type=\"section\" data-e-type=\"section\" data-settings=\"{&quot;background_background&quot;:&quot;classic&quot;}\" data-no-translation=\"\">\n\t\t\t\t\t\t<div class=\"elementor-container elementor-column-gap-default\">\n\t\t\t\t\t<div class=\"elementor-column elementor-col-100 elementor-top-column elementor-element elementor-element-66c97e8\" data-id=\"66c97e8\" data-element_type=\"column\" data-e-type=\"column\">\n\t\t\t<div class=\"elementor-widget-wrap elementor-element-populated\">\n\t\t\t\t\t\t<div class=\"elementor-element elementor-element-2ad1612 elementor-widget elementor-widget-heading\" data-id=\"2ad1612\" data-element_type=\"widget\" data-e-type=\"widget\" data-widget_type=\"heading.default\">\n\t\t\t\t<div class=\"elementor-widget-container\">\n\t\t\t\t\t<h2 class=\"elementor-heading-title elementor-size-default\">Get in touch to use our laundry service<\/h2>\t\t\t\t<\/div>\n\t\t\t\t<\/div>\n\t\t\t\t<div class=\"elementor-element elementor-element-04956ba elementor-widget elementor-widget-html\" data-id=\"04956ba\" data-element_type=\"widget\" data-e-type=\"widget\" data-widget_type=\"html.default\">\n\t\t\t\t<div class=\"elementor-widget-container\">\n\t\t\t\t\t<iframe data-tally-src=\"https:\/\/tally.so\/embed\/3yNAkd?alignLeft=1&hideTitle=1&transparentBackground=1&dynamicHeight=1\" loading=\"lazy\" width=\"100%\" height=\"388\" frameborder=\"0\" marginheight=\"0\" marginwidth=\"0\" title=\"Contact form\"><\/iframe><script>var d=document,w=\"https:\/\/tally.so\/widgets\/embed.js\",v=function(){\"undefined\"!=typeof Tally?Tally.loadEmbeds():d.querySelectorAll(\"iframe[data-tally-src]:not([src])\").forEach((function(e){e.src=e.dataset.tallySrc}))};if(\"undefined\"!=typeof Tally)v();else if(d.querySelector('script[src=\"'+w+'\"]')==null){var s=d.createElement(\"script\");s.src=w,s.onload=v,s.onerror=v,d.body.appendChild(s);}<\/script>\t\t\t\t<\/div>\n\t\t\t\t<\/div>\n\t\t\t\t\t<\/div>\n\t\t<\/div>\n\t\t\t\t\t<\/div>\n\t\t<\/section>\n\t\t\t\t<\/div>\n\t\t","protected":false},"excerpt":{"rendered":"<p>wie sollten professionelle Unternehmen ihre Wischmopps reinigen? Nicht nur bei Reinigungsunternehmen und Hauswartservices werden Wischmopps genutzt: viele Firmen wischen ihren Boden selbst und m\u00fcssen die Mopps oder Lappen regelm\u00e4\u00dfig reinigen. Dabei sollten sie nicht auf eine Standardwaschmaschine zur\u00fcckgreifen, denn diese sind nicht f\u00fcr den hohen Schmutzanfall von Mopps ausgelegt und werden recht bald verstopfte Bauteile [&hellip;]<\/p>\n","protected":false},"author":1,"featured_media":0,"parent":0,"menu_order":0,"comment_status":"closed","ping_status":"closed","template":"","meta":{"om_disable_all_campaigns":false,"_monsterinsights_skip_tracking":false,"_monsterinsights_sitenote_active":false,"_monsterinsights_sitenote_note":"","_monsterinsights_sitenote_category":0,"footnotes":""},"class_list":["post-919","page","type-page","status-publish","hentry"],"yoast_head":"<!-- This site is optimized with the Yoast SEO plugin v27.4 - https:\/\/yoast.com\/product\/yoast-seo-wordpress\/ -->\n<title>Wischmopps waschen - was ist zu beachten und wie funktioniert der W\u00e4scheservice f\u00fcr Mops? - WirWaschen - W\u00e4scheservice in Berlin und deutschlandweit<\/title>\n<meta name=\"robots\" content=\"index, follow, max-snippet:-1, max-image-preview:large, max-video-preview:-1\" \/>\n<link rel=\"canonical\" href=\"https:\/\/wirwaschen.com\/en\/washing-mops-how-to-do-it-and-how-to-use-a-laundry-service\/\" \/>\n<meta property=\"og:locale\" content=\"en_US\" \/>\n<meta property=\"og:type\" content=\"article\" \/>\n<meta property=\"og:title\" content=\"Wischmopps waschen - was ist zu beachten und wie funktioniert der W\u00e4scheservice f\u00fcr Mops? - WirWaschen - W\u00e4scheservice in Berlin und deutschlandweit\" \/>\n<meta property=\"og:description\" content=\"wie sollten professionelle Unternehmen ihre Wischmopps reinigen? Nicht nur bei Reinigungsunternehmen und Hauswartservices werden Wischmopps genutzt: viele Firmen wischen ihren Boden selbst und m\u00fcssen die Mopps oder Lappen regelm\u00e4\u00dfig reinigen. Dabei sollten sie nicht auf eine Standardwaschmaschine zur\u00fcckgreifen, denn diese sind nicht f\u00fcr den hohen Schmutzanfall von Mopps ausgelegt und werden recht bald verstopfte Bauteile [&hellip;]\" \/>\n<meta property=\"og:url\" content=\"https:\/\/wirwaschen.com\/en\/washing-mops-how-to-do-it-and-how-to-use-a-laundry-service\/\" \/>\n<meta property=\"og:site_name\" content=\"WirWaschen - W\u00e4scheservice in Berlin und deutschlandweit\" \/>\n<meta property=\"article:modified_time\" content=\"2023-12-18T13:40:05+00:00\" \/>\n<meta property=\"og:image\" content=\"https:\/\/wirwaschen.com\/wp-content\/uploads\/2023\/12\/Office-mop-S.jpg\" \/>\n<meta name=\"twitter:card\" content=\"summary_large_image\" \/>\n<meta name=\"twitter:label1\" content=\"Est. reading time\" \/>\n\t<meta name=\"twitter:data1\" content=\"2 minutes\" \/>\n<script type=\"application\/ld+json\" class=\"yoast-schema-graph\">{\"@context\":\"https:\\\/\\\/schema.org\",\"@graph\":[{\"@type\":\"WebPage\",\"@id\":\"https:\\\/\\\/wirwaschen.com\\\/wischmops-waschen-was-ist-zu-beachten-und-wie-funktioniert-der-waescheservice-fuer-mops\\\/\",\"url\":\"https:\\\/\\\/wirwaschen.com\\\/wischmops-waschen-was-ist-zu-beachten-und-wie-funktioniert-der-waescheservice-fuer-mops\\\/\",\"name\":\"Wischmopps waschen - was ist zu beachten und wie funktioniert der W\u00e4scheservice f\u00fcr Mops? - WirWaschen - W\u00e4scheservice in Berlin und deutschlandweit\",\"isPartOf\":{\"@id\":\"https:\\\/\\\/wirwaschen.com\\\/#website\"},\"primaryImageOfPage\":{\"@id\":\"https:\\\/\\\/wirwaschen.com\\\/wischmops-waschen-was-ist-zu-beachten-und-wie-funktioniert-der-waescheservice-fuer-mops\\\/#primaryimage\"},\"image\":{\"@id\":\"https:\\\/\\\/wirwaschen.com\\\/wischmops-waschen-was-ist-zu-beachten-und-wie-funktioniert-der-waescheservice-fuer-mops\\\/#primaryimage\"},\"thumbnailUrl\":\"https:\\\/\\\/wirwaschen.com\\\/wp-content\\\/uploads\\\/2023\\\/12\\\/Office-mop-S.jpg\",\"datePublished\":\"2023-12-18T10:20:27+00:00\",\"dateModified\":\"2023-12-18T13:40:05+00:00\",\"breadcrumb\":{\"@id\":\"https:\\\/\\\/wirwaschen.com\\\/wischmops-waschen-was-ist-zu-beachten-und-wie-funktioniert-der-waescheservice-fuer-mops\\\/#breadcrumb\"},\"inLanguage\":\"en-US\",\"potentialAction\":[{\"@type\":\"ReadAction\",\"target\":[\"https:\\\/\\\/wirwaschen.com\\\/wischmops-waschen-was-ist-zu-beachten-und-wie-funktioniert-der-waescheservice-fuer-mops\\\/\"]}]},{\"@type\":\"ImageObject\",\"inLanguage\":\"en-US\",\"@id\":\"https:\\\/\\\/wirwaschen.com\\\/wischmops-waschen-was-ist-zu-beachten-und-wie-funktioniert-der-waescheservice-fuer-mops\\\/#primaryimage\",\"url\":\"https:\\\/\\\/wirwaschen.com\\\/wp-content\\\/uploads\\\/2023\\\/12\\\/Office-mop-S.jpg\",\"contentUrl\":\"https:\\\/\\\/wirwaschen.com\\\/wp-content\\\/uploads\\\/2023\\\/12\\\/Office-mop-S.jpg\"},{\"@type\":\"BreadcrumbList\",\"@id\":\"https:\\\/\\\/wirwaschen.com\\\/wischmops-waschen-was-ist-zu-beachten-und-wie-funktioniert-der-waescheservice-fuer-mops\\\/#breadcrumb\",\"itemListElement\":[{\"@type\":\"ListItem\",\"position\":1,\"name\":\"Startseite\",\"item\":\"https:\\\/\\\/wirwaschen.com\\\/\"},{\"@type\":\"ListItem\",\"position\":2,\"name\":\"Wischmopps waschen &#8211; was ist zu beachten und wie funktioniert der W\u00e4scheservice f\u00fcr Mops?\"}]},{\"@type\":\"WebSite\",\"@id\":\"https:\\\/\\\/wirwaschen.com\\\/#website\",\"url\":\"https:\\\/\\\/wirwaschen.com\\\/\",\"name\":\"WirWaschen - W\u00e4scheservice in Berlin und deutschlandweit\",\"description\":\"Der Service f\u00fcr all deine W\u00e4sche - mit Hol- und Bringservice\",\"publisher\":{\"@id\":\"https:\\\/\\\/wirwaschen.com\\\/#organization\"},\"potentialAction\":[{\"@type\":\"SearchAction\",\"target\":{\"@type\":\"EntryPoint\",\"urlTemplate\":\"https:\\\/\\\/wirwaschen.com\\\/?s={search_term_string}\"},\"query-input\":{\"@type\":\"PropertyValueSpecification\",\"valueRequired\":true,\"valueName\":\"search_term_string\"}}],\"inLanguage\":\"en-US\"},{\"@type\":\"Organization\",\"@id\":\"https:\\\/\\\/wirwaschen.com\\\/#organization\",\"name\":\"WirWaschen - W\u00e4scheservice in Berlin und deutschlandweit\",\"url\":\"https:\\\/\\\/wirwaschen.com\\\/\",\"logo\":{\"@type\":\"ImageObject\",\"inLanguage\":\"en-US\",\"@id\":\"https:\\\/\\\/wirwaschen.com\\\/#\\\/schema\\\/logo\\\/image\\\/\",\"url\":\"https:\\\/\\\/wirwaschen.com\\\/wp-content\\\/uploads\\\/2023\\\/03\\\/WirWaschen_logo_transparent-bg.png\",\"contentUrl\":\"https:\\\/\\\/wirwaschen.com\\\/wp-content\\\/uploads\\\/2023\\\/03\\\/WirWaschen_logo_transparent-bg.png\",\"width\":500,\"height\":100,\"caption\":\"WirWaschen - W\u00e4scheservice in Berlin und deutschlandweit\"},\"image\":{\"@id\":\"https:\\\/\\\/wirwaschen.com\\\/#\\\/schema\\\/logo\\\/image\\\/\"}}]}<\/script>\n<!-- \/ Yoast SEO plugin. -->","yoast_head_json":{"title":"Wischmopps waschen - was ist zu beachten und wie funktioniert der W\u00e4scheservice f\u00fcr Mops? - WirWaschen - W\u00e4scheservice in Berlin und deutschlandweit","robots":{"index":"index","follow":"follow","max-snippet":"max-snippet:-1","max-image-preview":"max-image-preview:large","max-video-preview":"max-video-preview:-1"},"canonical":"https:\/\/wirwaschen.com\/en\/washing-mops-how-to-do-it-and-how-to-use-a-laundry-service\/","og_locale":"en_US","og_type":"article","og_title":"Wischmopps waschen - was ist zu beachten und wie funktioniert der W\u00e4scheservice f\u00fcr Mops? - WirWaschen - W\u00e4scheservice in Berlin und deutschlandweit","og_description":"wie sollten professionelle Unternehmen ihre Wischmopps reinigen? Nicht nur bei Reinigungsunternehmen und Hauswartservices werden Wischmopps genutzt: viele Firmen wischen ihren Boden selbst und m\u00fcssen die Mopps oder Lappen regelm\u00e4\u00dfig reinigen. Dabei sollten sie nicht auf eine Standardwaschmaschine zur\u00fcckgreifen, denn diese sind nicht f\u00fcr den hohen Schmutzanfall von Mopps ausgelegt und werden recht bald verstopfte Bauteile [&hellip;]","og_url":"https:\/\/wirwaschen.com\/en\/washing-mops-how-to-do-it-and-how-to-use-a-laundry-service\/","og_site_name":"WirWaschen - W\u00e4scheservice in Berlin und deutschlandweit","article_modified_time":"2023-12-18T13:40:05+00:00","og_image":[{"url":"https:\/\/wirwaschen.com\/wp-content\/uploads\/2023\/12\/Office-mop-S.jpg","type":"","width":"","height":""}],"twitter_card":"summary_large_image","twitter_misc":{"Est. reading time":"2 minutes"},"schema":{"@context":"https:\/\/schema.org","@graph":[{"@type":"WebPage","@id":"https:\/\/wirwaschen.com\/wischmops-waschen-was-ist-zu-beachten-und-wie-funktioniert-der-waescheservice-fuer-mops\/","url":"https:\/\/wirwaschen.com\/wischmops-waschen-was-ist-zu-beachten-und-wie-funktioniert-der-waescheservice-fuer-mops\/","name":"Wischmopps waschen - was ist zu beachten und wie funktioniert der W\u00e4scheservice f\u00fcr Mops? - WirWaschen - W\u00e4scheservice in Berlin und deutschlandweit","isPartOf":{"@id":"https:\/\/wirwaschen.com\/#website"},"primaryImageOfPage":{"@id":"https:\/\/wirwaschen.com\/wischmops-waschen-was-ist-zu-beachten-und-wie-funktioniert-der-waescheservice-fuer-mops\/#primaryimage"},"image":{"@id":"https:\/\/wirwaschen.com\/wischmops-waschen-was-ist-zu-beachten-und-wie-funktioniert-der-waescheservice-fuer-mops\/#primaryimage"},"thumbnailUrl":"https:\/\/wirwaschen.com\/wp-content\/uploads\/2023\/12\/Office-mop-S.jpg","datePublished":"2023-12-18T10:20:27+00:00","dateModified":"2023-12-18T13:40:05+00:00","breadcrumb":{"@id":"https:\/\/wirwaschen.com\/wischmops-waschen-was-ist-zu-beachten-und-wie-funktioniert-der-waescheservice-fuer-mops\/#breadcrumb"},"inLanguage":"en-US","potentialAction":[{"@type":"ReadAction","target":["https:\/\/wirwaschen.com\/wischmops-waschen-was-ist-zu-beachten-und-wie-funktioniert-der-waescheservice-fuer-mops\/"]}]},{"@type":"ImageObject","inLanguage":"en-US","@id":"https:\/\/wirwaschen.com\/wischmops-waschen-was-ist-zu-beachten-und-wie-funktioniert-der-waescheservice-fuer-mops\/#primaryimage","url":"https:\/\/wirwaschen.com\/wp-content\/uploads\/2023\/12\/Office-mop-S.jpg","contentUrl":"https:\/\/wirwaschen.com\/wp-content\/uploads\/2023\/12\/Office-mop-S.jpg"},{"@type":"BreadcrumbList","@id":"https:\/\/wirwaschen.com\/wischmops-waschen-was-ist-zu-beachten-und-wie-funktioniert-der-waescheservice-fuer-mops\/#breadcrumb","itemListElement":[{"@type":"ListItem","position":1,"name":"Startseite","item":"https:\/\/wirwaschen.com\/"},{"@type":"ListItem","position":2,"name":"Wischmopps waschen &#8211; was ist zu beachten und wie funktioniert der W\u00e4scheservice f\u00fcr Mops?"}]},{"@type":"WebSite","@id":"https:\/\/wirwaschen.com\/#website","url":"https:\/\/wirwaschen.com\/","name":"WirWaschen - W\u00e4scheservice in Berlin und deutschlandweit","description":"Der Service f\u00fcr all deine W\u00e4sche - mit Hol- und Bringservice","publisher":{"@id":"https:\/\/wirwaschen.com\/#organization"},"potentialAction":[{"@type":"SearchAction","target":{"@type":"EntryPoint","urlTemplate":"https:\/\/wirwaschen.com\/?s={search_term_string}"},"query-input":{"@type":"PropertyValueSpecification","valueRequired":true,"valueName":"search_term_string"}}],"inLanguage":"en-US"},{"@type":"Organization","@id":"https:\/\/wirwaschen.com\/#organization","name":"WirWaschen - W\u00e4scheservice in Berlin und deutschlandweit","url":"https:\/\/wirwaschen.com\/","logo":{"@type":"ImageObject","inLanguage":"en-US","@id":"https:\/\/wirwaschen.com\/#\/schema\/logo\/image\/","url":"https:\/\/wirwaschen.com\/wp-content\/uploads\/2023\/03\/WirWaschen_logo_transparent-bg.png","contentUrl":"https:\/\/wirwaschen.com\/wp-content\/uploads\/2023\/03\/WirWaschen_logo_transparent-bg.png","width":500,"height":100,"caption":"WirWaschen - W\u00e4scheservice in Berlin und deutschlandweit"},"image":{"@id":"https:\/\/wirwaschen.com\/#\/schema\/logo\/image\/"}}]}},"_links":{"self":[{"href":"https:\/\/wirwaschen.com\/en\/wp-json\/wp\/v2\/pages\/919","targetHints":{"allow":["GET"]}}],"collection":[{"href":"https:\/\/wirwaschen.com\/en\/wp-json\/wp\/v2\/pages"}],"about":[{"href":"https:\/\/wirwaschen.com\/en\/wp-json\/wp\/v2\/types\/page"}],"author":[{"embeddable":true,"href":"https:\/\/wirwaschen.com\/en\/wp-json\/wp\/v2\/users\/1"}],"replies":[{"embeddable":true,"href":"https:\/\/wirwaschen.com\/en\/wp-json\/wp\/v2\/comments?post=919"}],"version-history":[{"count":0,"href":"https:\/\/wirwaschen.com\/en\/wp-json\/wp\/v2\/pages\/919\/revisions"}],"wp:attachment":[{"href":"https:\/\/wirwaschen.com\/en\/wp-json\/wp\/v2\/media?parent=919"}],"curies":[{"name":"wp","href":"https:\/\/api.w.org\/{rel}","templated":true}]}}