{"id":647,"date":"2023-08-16T07:55:05","date_gmt":"2023-08-16T07:55:05","guid":{"rendered":"https:\/\/wirwaschen.com\/?page_id=647"},"modified":"2023-08-16T08:05:45","modified_gmt":"2023-08-16T08:05:45","slug":"payment-thank-you","status":"publish","type":"page","link":"https:\/\/wirwaschen.com\/en\/payment-thank-you\/","title":{"rendered":"Danke f\u00fcr die Zahlung"},"content":{"rendered":"<div data-elementor-type=\"wp-page\" data-elementor-id=\"647\" class=\"elementor elementor-647\">\n\t\t\t\t\t\t<section class=\"elementor-section elementor-top-section elementor-element elementor-element-df57b4c elementor-section-boxed elementor-section-height-default elementor-section-height-default\" data-id=\"df57b4c\" data-element_type=\"section\" data-e-type=\"section\">\n\t\t\t\t\t\t<div class=\"elementor-container elementor-column-gap-default\">\n\t\t\t\t\t<div class=\"elementor-column elementor-col-100 elementor-top-column elementor-element elementor-element-4894cf0\" data-id=\"4894cf0\" data-element_type=\"column\" data-e-type=\"column\">\n\t\t\t<div class=\"elementor-widget-wrap elementor-element-populated\">\n\t\t\t\t\t\t<div class=\"elementor-element elementor-element-9b7c4d0 elementor-widget elementor-widget-text-editor\" data-id=\"9b7c4d0\" data-element_type=\"widget\" data-e-type=\"widget\" data-widget_type=\"text-editor.default\">\n\t\t\t\t<div class=\"elementor-widget-container\">\n\t\t\t\t\t\t\t\t\t<h1>We have registered your payment - thank you!\t\t\t\t\t\t\t\t<\/div>\n\t\t\t\t<\/div>\n\t\t\t\t\t<\/div>\n\t\t<\/div>\n\t\t\t\t\t<\/div>\n\t\t<\/section>\n\t\t\t\t<section class=\"elementor-section elementor-top-section elementor-element elementor-element-2ed7dd7 elementor-section-boxed elementor-section-height-default elementor-section-height-default\" data-id=\"2ed7dd7\" data-element_type=\"section\" data-e-type=\"section\">\n\t\t\t\t\t\t<div class=\"elementor-container elementor-column-gap-default\">\n\t\t\t\t\t<div class=\"elementor-column elementor-col-100 elementor-top-column elementor-element elementor-element-57767b9\" data-id=\"57767b9\" data-element_type=\"column\" data-e-type=\"column\">\n\t\t\t<div class=\"elementor-widget-wrap elementor-element-populated\">\n\t\t\t\t\t\t<div class=\"elementor-element elementor-element-5fe9d31 elementor-widget elementor-widget-text-editor\" data-id=\"5fe9d31\" data-element_type=\"widget\" data-e-type=\"widget\" data-widget_type=\"text-editor.default\">\n\t\t\t\t<div class=\"elementor-widget-container\">\n\t\t\t\t\t\t\t\t\t<p>Do you like it when we take care of your laundry? <\/p>\n<p>You can book the next pickup right away.<\/p>\t\t\t\t\t\t\t\t<\/div>\n\t\t\t\t<\/div>\n\t\t\t\t\t<\/div>\n\t\t<\/div>\n\t\t\t\t\t<\/div>\n\t\t<\/section>\n\t\t\t\t<section class=\"elementor-section elementor-top-section elementor-element elementor-element-2469d8d elementor-section-boxed elementor-section-height-default elementor-section-height-default\" data-id=\"2469d8d\" data-element_type=\"section\" data-e-type=\"section\" data-settings=\"{&quot;background_background&quot;:&quot;classic&quot;}\">\n\t\t\t\t\t\t<div class=\"elementor-container elementor-column-gap-default\">\n\t\t\t\t\t<div class=\"elementor-column elementor-col-100 elementor-top-column elementor-element elementor-element-493cbcb\" data-id=\"493cbcb\" data-element_type=\"column\" data-e-type=\"column\">\n\t\t\t<div class=\"elementor-widget-wrap elementor-element-populated\">\n\t\t\t\t\t\t<div class=\"elementor-element elementor-element-22cbfc1 elementor-align-center elementor-widget elementor-widget-button\" data-id=\"22cbfc1\" data-element_type=\"widget\" data-e-type=\"widget\" data-widget_type=\"button.default\">\n\t\t\t\t<div class=\"elementor-widget-container\">\n\t\t\t\t\t\t\t\t\t<div class=\"elementor-button-wrapper\">\n\t\t\t\t\t<a class=\"elementor-button elementor-button-link elementor-size-sm elementor-animation-shrink\" href=\"https:\/\/wirwaschen.com\/en\/order\/\">\n\t\t\t\t\t\t<span class=\"elementor-button-content-wrapper\">\n\t\t\t\t\t\t\t\t\t<span class=\"elementor-button-text\">BOOK NOW<\/span>\n\t\t\t\t\t<\/span>\n\t\t\t\t\t<\/a>\n\t\t\t\t<\/div>\n\t\t\t\t\t\t\t\t<\/div>\n\t\t\t\t<\/div>\n\t\t\t\t\t<\/div>\n\t\t<\/div>\n\t\t\t\t\t<\/div>\n\t\t<\/section>\n\t\t\t\t<section class=\"elementor-section elementor-top-section elementor-element elementor-element-137c556 elementor-section-boxed elementor-section-height-default elementor-section-height-default\" data-id=\"137c556\" data-element_type=\"section\" data-e-type=\"section\" data-settings=\"{&quot;background_background&quot;:&quot;classic&quot;}\">\n\t\t\t\t\t\t<div class=\"elementor-container elementor-column-gap-default\">\n\t\t\t\t\t<div class=\"elementor-column elementor-col-100 elementor-top-column elementor-element elementor-element-338eb5d\" data-id=\"338eb5d\" data-element_type=\"column\" data-e-type=\"column\">\n\t\t\t<div class=\"elementor-widget-wrap elementor-element-populated\">\n\t\t\t\t\t\t<div class=\"elementor-element elementor-element-dbe4ccc elementor-widget elementor-widget-image\" data-id=\"dbe4ccc\" data-element_type=\"widget\" data-e-type=\"widget\" data-widget_type=\"image.default\">\n\t\t\t\t<div class=\"elementor-widget-container\">\n\t\t\t\t\t\t\t\t\t\t\t\t\t\t\t<img fetchpriority=\"high\" decoding=\"async\" width=\"300\" height=\"300\" src=\"https:\/\/wirwaschen.com\/wp-content\/uploads\/2023\/06\/folded-laundry-300x300.png\" class=\"attachment-medium size-medium wp-image-375\" alt=\"\" srcset=\"https:\/\/wirwaschen.com\/wp-content\/uploads\/2023\/06\/folded-laundry-300x300.png 300w, https:\/\/wirwaschen.com\/wp-content\/uploads\/2023\/06\/folded-laundry.png 1024w, https:\/\/wirwaschen.com\/wp-content\/uploads\/2023\/06\/folded-laundry-150x150.png 150w, https:\/\/wirwaschen.com\/wp-content\/uploads\/2023\/06\/folded-laundry-768x768.png 768w, https:\/\/wirwaschen.com\/wp-content\/uploads\/2023\/06\/folded-laundry-12x12.png 12w\" sizes=\"(max-width: 300px) 100vw, 300px\" \/>\t\t\t\t\t\t\t\t\t\t\t\t\t\t\t<\/div>\n\t\t\t\t<\/div>\n\t\t\t\t\t<\/div>\n\t\t<\/div>\n\t\t\t\t\t<\/div>\n\t\t<\/section>\n\t\t\t\t<\/div>","protected":false},"excerpt":{"rendered":"<p>Wir haben deine Zahlung registriert &#8211; vielen Dank! Gef\u00e4llt es dir, wenn wir uns um deine W\u00e4sche k\u00fcmmern? Du kannst direkt die n\u00e4chste Abholung buchen. ABHOLUNG BUCHEN<\/p>","protected":false},"author":1,"featured_media":0,"parent":0,"menu_order":0,"comment_status":"closed","ping_status":"closed","template":"elementor_header_footer","meta":{"om_disable_all_campaigns":false,"_monsterinsights_skip_tracking":false,"_monsterinsights_sitenote_active":false,"_monsterinsights_sitenote_note":"","_monsterinsights_sitenote_category":0,"footnotes":""},"class_list":["post-647","page","type-page","status-publish","hentry"],"yoast_head":"<!-- This site is optimized with the Yoast SEO plugin v27.5 - https:\/\/yoast.com\/product\/yoast-seo-wordpress\/ -->\n<title>Danke f\u00fcr die Zahlung - WirWaschen - W\u00e4scheservice in Berlin, Hamburg und deutschlandweit<\/title>\n<meta name=\"robots\" content=\"index, follow, max-snippet:-1, max-image-preview:large, max-video-preview:-1\" \/>\n<link rel=\"canonical\" href=\"https:\/\/wirwaschen.com\/en\/payment-thank-you\/\" \/>\n<meta property=\"og:locale\" content=\"en_US\" \/>\n<meta property=\"og:type\" content=\"article\" \/>\n<meta property=\"og:title\" content=\"Danke f\u00fcr die Zahlung - WirWaschen - W\u00e4scheservice in Berlin, Hamburg und deutschlandweit\" \/>\n<meta property=\"og:description\" content=\"Wir haben deine Zahlung registriert &#8211; vielen Dank! Gef\u00e4llt es dir, wenn wir uns um deine W\u00e4sche k\u00fcmmern? Du kannst direkt die n\u00e4chste Abholung buchen. ABHOLUNG BUCHEN\" \/>\n<meta property=\"og:url\" content=\"https:\/\/wirwaschen.com\/en\/payment-thank-you\/\" \/>\n<meta property=\"og:site_name\" content=\"WirWaschen - W\u00e4scheservice in Berlin, Hamburg und deutschlandweit\" \/>\n<meta property=\"article:modified_time\" content=\"2023-08-16T08:05:45+00:00\" \/>\n<meta property=\"og:image\" content=\"https:\/\/wirwaschen.com\/wp-content\/uploads\/2023\/06\/folded-laundry-300x300.png\" \/>\n<meta name=\"twitter:card\" content=\"summary_large_image\" \/>\n<meta name=\"twitter:label1\" content=\"Est. reading time\" \/>\n\t<meta name=\"twitter:data1\" content=\"1 minute\" \/>\n<script type=\"application\/ld+json\" class=\"yoast-schema-graph\">{\"@context\":\"https:\\\/\\\/schema.org\",\"@graph\":[{\"@type\":\"WebPage\",\"@id\":\"https:\\\/\\\/wirwaschen.com\\\/payment-thank-you\\\/\",\"url\":\"https:\\\/\\\/wirwaschen.com\\\/payment-thank-you\\\/\",\"name\":\"Danke f\u00fcr die Zahlung - WirWaschen - W\u00e4scheservice in Berlin, Hamburg und deutschlandweit\",\"isPartOf\":{\"@id\":\"https:\\\/\\\/wirwaschen.com\\\/#website\"},\"primaryImageOfPage\":{\"@id\":\"https:\\\/\\\/wirwaschen.com\\\/payment-thank-you\\\/#primaryimage\"},\"image\":{\"@id\":\"https:\\\/\\\/wirwaschen.com\\\/payment-thank-you\\\/#primaryimage\"},\"thumbnailUrl\":\"https:\\\/\\\/wirwaschen.com\\\/wp-content\\\/uploads\\\/2023\\\/06\\\/folded-laundry-300x300.png\",\"datePublished\":\"2023-08-16T07:55:05+00:00\",\"dateModified\":\"2023-08-16T08:05:45+00:00\",\"breadcrumb\":{\"@id\":\"https:\\\/\\\/wirwaschen.com\\\/payment-thank-you\\\/#breadcrumb\"},\"inLanguage\":\"en-US\",\"potentialAction\":[{\"@type\":\"ReadAction\",\"target\":[\"https:\\\/\\\/wirwaschen.com\\\/payment-thank-you\\\/\"]}]},{\"@type\":\"ImageObject\",\"inLanguage\":\"en-US\",\"@id\":\"https:\\\/\\\/wirwaschen.com\\\/payment-thank-you\\\/#primaryimage\",\"url\":\"https:\\\/\\\/wirwaschen.com\\\/wp-content\\\/uploads\\\/2023\\\/06\\\/folded-laundry-300x300.png\",\"contentUrl\":\"https:\\\/\\\/wirwaschen.com\\\/wp-content\\\/uploads\\\/2023\\\/06\\\/folded-laundry-300x300.png\"},{\"@type\":\"BreadcrumbList\",\"@id\":\"https:\\\/\\\/wirwaschen.com\\\/payment-thank-you\\\/#breadcrumb\",\"itemListElement\":[{\"@type\":\"ListItem\",\"position\":1,\"name\":\"Startseite\",\"item\":\"https:\\\/\\\/wirwaschen.com\\\/\"},{\"@type\":\"ListItem\",\"position\":2,\"name\":\"Danke f\u00fcr die Zahlung\"}]},{\"@type\":\"WebSite\",\"@id\":\"https:\\\/\\\/wirwaschen.com\\\/#website\",\"url\":\"https:\\\/\\\/wirwaschen.com\\\/\",\"name\":\"WirWaschen - W\u00e4scheservice in Berlin, Hamburg und deutschlandweit\",\"description\":\"Der Service f\u00fcr all deine W\u00e4sche und f\u00fcr Mietw\u00e4sche - mit Hol- und Bringservice\",\"publisher\":{\"@id\":\"https:\\\/\\\/wirwaschen.com\\\/#organization\"},\"potentialAction\":[{\"@type\":\"SearchAction\",\"target\":{\"@type\":\"EntryPoint\",\"urlTemplate\":\"https:\\\/\\\/wirwaschen.com\\\/?s={search_term_string}\"},\"query-input\":{\"@type\":\"PropertyValueSpecification\",\"valueRequired\":true,\"valueName\":\"search_term_string\"}}],\"inLanguage\":\"en-US\"},{\"@type\":\"Organization\",\"@id\":\"https:\\\/\\\/wirwaschen.com\\\/#organization\",\"name\":\"WirWaschen - W\u00e4scheservice in Berlin, Hamburg und deutschlandweit\",\"url\":\"https:\\\/\\\/wirwaschen.com\\\/\",\"logo\":{\"@type\":\"ImageObject\",\"inLanguage\":\"en-US\",\"@id\":\"https:\\\/\\\/wirwaschen.com\\\/#\\\/schema\\\/logo\\\/image\\\/\",\"url\":\"https:\\\/\\\/wirwaschen.com\\\/wp-content\\\/uploads\\\/2023\\\/03\\\/WirWaschen_logo_transparent-bg.png\",\"contentUrl\":\"https:\\\/\\\/wirwaschen.com\\\/wp-content\\\/uploads\\\/2023\\\/03\\\/WirWaschen_logo_transparent-bg.png\",\"width\":500,\"height\":100,\"caption\":\"WirWaschen - W\u00e4scheservice in Berlin, Hamburg und deutschlandweit\"},\"image\":{\"@id\":\"https:\\\/\\\/wirwaschen.com\\\/#\\\/schema\\\/logo\\\/image\\\/\"}}]}<\/script>\n<!-- \/ Yoast SEO plugin. -->","yoast_head_json":{"title":"Danke f\u00fcr die Zahlung - WirWaschen - W\u00e4scheservice in Berlin, Hamburg und deutschlandweit","robots":{"index":"index","follow":"follow","max-snippet":"max-snippet:-1","max-image-preview":"max-image-preview:large","max-video-preview":"max-video-preview:-1"},"canonical":"https:\/\/wirwaschen.com\/en\/payment-thank-you\/","og_locale":"en_US","og_type":"article","og_title":"Danke f\u00fcr die Zahlung - WirWaschen - W\u00e4scheservice in Berlin, Hamburg und deutschlandweit","og_description":"Wir haben deine Zahlung registriert &#8211; vielen Dank! Gef\u00e4llt es dir, wenn wir uns um deine W\u00e4sche k\u00fcmmern? Du kannst direkt die n\u00e4chste Abholung buchen. ABHOLUNG BUCHEN","og_url":"https:\/\/wirwaschen.com\/en\/payment-thank-you\/","og_site_name":"WirWaschen - W\u00e4scheservice in Berlin, Hamburg und deutschlandweit","article_modified_time":"2023-08-16T08:05:45+00:00","og_image":[{"url":"https:\/\/wirwaschen.com\/wp-content\/uploads\/2023\/06\/folded-laundry-300x300.png","type":"","width":"","height":""}],"twitter_card":"summary_large_image","twitter_misc":{"Est. reading time":"1 minute"},"schema":{"@context":"https:\/\/schema.org","@graph":[{"@type":"WebPage","@id":"https:\/\/wirwaschen.com\/payment-thank-you\/","url":"https:\/\/wirwaschen.com\/payment-thank-you\/","name":"Danke f\u00fcr die Zahlung - WirWaschen - W\u00e4scheservice in Berlin, Hamburg und deutschlandweit","isPartOf":{"@id":"https:\/\/wirwaschen.com\/#website"},"primaryImageOfPage":{"@id":"https:\/\/wirwaschen.com\/payment-thank-you\/#primaryimage"},"image":{"@id":"https:\/\/wirwaschen.com\/payment-thank-you\/#primaryimage"},"thumbnailUrl":"https:\/\/wirwaschen.com\/wp-content\/uploads\/2023\/06\/folded-laundry-300x300.png","datePublished":"2023-08-16T07:55:05+00:00","dateModified":"2023-08-16T08:05:45+00:00","breadcrumb":{"@id":"https:\/\/wirwaschen.com\/payment-thank-you\/#breadcrumb"},"inLanguage":"en-US","potentialAction":[{"@type":"ReadAction","target":["https:\/\/wirwaschen.com\/payment-thank-you\/"]}]},{"@type":"ImageObject","inLanguage":"en-US","@id":"https:\/\/wirwaschen.com\/payment-thank-you\/#primaryimage","url":"https:\/\/wirwaschen.com\/wp-content\/uploads\/2023\/06\/folded-laundry-300x300.png","contentUrl":"https:\/\/wirwaschen.com\/wp-content\/uploads\/2023\/06\/folded-laundry-300x300.png"},{"@type":"BreadcrumbList","@id":"https:\/\/wirwaschen.com\/payment-thank-you\/#breadcrumb","itemListElement":[{"@type":"ListItem","position":1,"name":"Startseite","item":"https:\/\/wirwaschen.com\/"},{"@type":"ListItem","position":2,"name":"Danke f\u00fcr die Zahlung"}]},{"@type":"WebSite","@id":"https:\/\/wirwaschen.com\/#website","url":"https:\/\/wirwaschen.com\/","name":"WirWaschen - W\u00e4scheservice in Berlin, Hamburg und deutschlandweit","description":"Der Service f\u00fcr all deine W\u00e4sche und f\u00fcr Mietw\u00e4sche - mit Hol- und Bringservice","publisher":{"@id":"https:\/\/wirwaschen.com\/#organization"},"potentialAction":[{"@type":"SearchAction","target":{"@type":"EntryPoint","urlTemplate":"https:\/\/wirwaschen.com\/?s={search_term_string}"},"query-input":{"@type":"PropertyValueSpecification","valueRequired":true,"valueName":"search_term_string"}}],"inLanguage":"en-US"},{"@type":"Organization","@id":"https:\/\/wirwaschen.com\/#organization","name":"WirWaschen - W\u00e4scheservice in Berlin, Hamburg und deutschlandweit","url":"https:\/\/wirwaschen.com\/","logo":{"@type":"ImageObject","inLanguage":"en-US","@id":"https:\/\/wirwaschen.com\/#\/schema\/logo\/image\/","url":"https:\/\/wirwaschen.com\/wp-content\/uploads\/2023\/03\/WirWaschen_logo_transparent-bg.png","contentUrl":"https:\/\/wirwaschen.com\/wp-content\/uploads\/2023\/03\/WirWaschen_logo_transparent-bg.png","width":500,"height":100,"caption":"WirWaschen - W\u00e4scheservice in Berlin, Hamburg und deutschlandweit"},"image":{"@id":"https:\/\/wirwaschen.com\/#\/schema\/logo\/image\/"}}]}},"_links":{"self":[{"href":"https:\/\/wirwaschen.com\/en\/wp-json\/wp\/v2\/pages\/647","targetHints":{"allow":["GET"]}}],"collection":[{"href":"https:\/\/wirwaschen.com\/en\/wp-json\/wp\/v2\/pages"}],"about":[{"href":"https:\/\/wirwaschen.com\/en\/wp-json\/wp\/v2\/types\/page"}],"author":[{"embeddable":true,"href":"https:\/\/wirwaschen.com\/en\/wp-json\/wp\/v2\/users\/1"}],"replies":[{"embeddable":true,"href":"https:\/\/wirwaschen.com\/en\/wp-json\/wp\/v2\/comments?post=647"}],"version-history":[{"count":0,"href":"https:\/\/wirwaschen.com\/en\/wp-json\/wp\/v2\/pages\/647\/revisions"}],"wp:attachment":[{"href":"https:\/\/wirwaschen.com\/en\/wp-json\/wp\/v2\/media?parent=647"}],"curies":[{"name":"wp","href":"https:\/\/api.w.org\/{rel}","templated":true}]}}