{"id":314,"date":"2023-06-09T12:19:32","date_gmt":"2023-06-09T12:19:32","guid":{"rendered":"https:\/\/wirwaschen.com\/?page_id=314"},"modified":"2023-06-30T11:11:06","modified_gmt":"2023-06-30T11:11:06","slug":"waschservices-in-berlin","status":"publish","type":"page","link":"https:\/\/wirwaschen.com\/en\/laundry-services-in-berlin\/","title":{"rendered":"Waschservices in Berlin"},"content":{"rendered":"<div data-elementor-type=\"wp-page\" data-elementor-id=\"314\" class=\"elementor elementor-314\">\n\t\t\t\t\t\t<section class=\"elementor-section elementor-top-section elementor-element elementor-element-0f390cd elementor-section-boxed elementor-section-height-default elementor-section-height-default\" data-id=\"0f390cd\" data-element_type=\"section\" data-e-type=\"section\">\n\t\t\t\t\t\t<div class=\"elementor-container elementor-column-gap-default\">\n\t\t\t\t\t<div class=\"elementor-column elementor-col-100 elementor-top-column elementor-element elementor-element-278d894\" data-id=\"278d894\" data-element_type=\"column\" data-e-type=\"column\">\n\t\t\t<div class=\"elementor-widget-wrap elementor-element-populated\">\n\t\t\t\t\t\t<div class=\"elementor-element elementor-element-56190b0 elementor-widget elementor-widget-heading\" data-id=\"56190b0\" data-element_type=\"widget\" data-e-type=\"widget\" data-widget_type=\"heading.default\">\n\t\t\t\t<div class=\"elementor-widget-container\">\n\t\t\t\t\t<h2 class=\"elementor-heading-title elementor-size-default\">Laundry services in Berlin - an overview<\/h2>\t\t\t\t<\/div>\n\t\t\t\t<\/div>\n\t\t\t\t\t<\/div>\n\t\t<\/div>\n\t\t\t\t\t<\/div>\n\t\t<\/section>\n\t\t\t\t<section class=\"elementor-section elementor-top-section elementor-element elementor-element-51ec379 elementor-section-boxed elementor-section-height-default elementor-section-height-default\" data-id=\"51ec379\" data-element_type=\"section\" data-e-type=\"section\">\n\t\t\t\t\t\t<div class=\"elementor-container elementor-column-gap-default\">\n\t\t\t\t\t<div class=\"elementor-column elementor-col-100 elementor-top-column elementor-element elementor-element-7b3c9c2\" data-id=\"7b3c9c2\" data-element_type=\"column\" data-e-type=\"column\">\n\t\t\t<div class=\"elementor-widget-wrap elementor-element-populated\">\n\t\t\t\t\t\t<div class=\"elementor-element elementor-element-aad2935 elementor-widget elementor-widget-text-editor\" data-id=\"aad2935\" data-element_type=\"widget\" data-e-type=\"widget\" data-widget_type=\"text-editor.default\">\n\t\t\t\t<div class=\"elementor-widget-container\">\n\t\t\t\t\t\t\t\t\t<h3>What is a laundry service?<\/h3><p>Laundry services offer a convenient way to get laundry done. Customers can have their dirty laundry picked up or drop it off and get it back professionally washed, dried and folded. Customers can focus on other tasks while professionals take care of their laundry.<\/p><p>In a hectic city like Berlin, practical household solutions are essential. Laundry services offer a convenient way to outsource laundry care.<\/p>\t\t\t\t\t\t\t\t<\/div>\n\t\t\t\t<\/div>\n\t\t\t\t\t<\/div>\n\t\t<\/div>\n\t\t\t\t\t<\/div>\n\t\t<\/section>\n\t\t\t\t<section class=\"elementor-section elementor-top-section elementor-element elementor-element-82c2545 elementor-section-boxed elementor-section-height-default elementor-section-height-default\" data-id=\"82c2545\" data-element_type=\"section\" data-e-type=\"section\">\n\t\t\t\t\t\t<div class=\"elementor-container elementor-column-gap-default\">\n\t\t\t\t\t<div class=\"elementor-column elementor-col-100 elementor-top-column elementor-element elementor-element-f8697d7\" data-id=\"f8697d7\" data-element_type=\"column\" data-e-type=\"column\">\n\t\t\t<div class=\"elementor-widget-wrap elementor-element-populated\">\n\t\t\t\t\t\t<div class=\"elementor-element elementor-element-1869eb5 elementor-widget elementor-widget-image\" data-id=\"1869eb5\" data-element_type=\"widget\" data-e-type=\"widget\" data-widget_type=\"image.default\">\n\t\t\t\t<div class=\"elementor-widget-container\">\n\t\t\t\t\t\t\t\t\t\t\t\t\t\t\t<img fetchpriority=\"high\" decoding=\"async\" width=\"300\" height=\"300\" src=\"https:\/\/wirwaschen.com\/wp-content\/uploads\/2023\/06\/professional-folding-laundry-in-a-laundromat-300x300.png\" class=\"attachment-medium size-medium wp-image-333\" alt=\"\" srcset=\"https:\/\/wirwaschen.com\/wp-content\/uploads\/2023\/06\/professional-folding-laundry-in-a-laundromat-300x300.png 300w, https:\/\/wirwaschen.com\/wp-content\/uploads\/2023\/06\/professional-folding-laundry-in-a-laundromat.png 1024w, https:\/\/wirwaschen.com\/wp-content\/uploads\/2023\/06\/professional-folding-laundry-in-a-laundromat-150x150.png 150w, https:\/\/wirwaschen.com\/wp-content\/uploads\/2023\/06\/professional-folding-laundry-in-a-laundromat-768x768.png 768w, https:\/\/wirwaschen.com\/wp-content\/uploads\/2023\/06\/professional-folding-laundry-in-a-laundromat-12x12.png 12w\" sizes=\"(max-width: 300px) 100vw, 300px\" \/>\t\t\t\t\t\t\t\t\t\t\t\t\t\t\t<\/div>\n\t\t\t\t<\/div>\n\t\t\t\t\t<\/div>\n\t\t<\/div>\n\t\t\t\t\t<\/div>\n\t\t<\/section>\n\t\t\t\t<section class=\"elementor-section elementor-top-section elementor-element elementor-element-fbf0b67 elementor-section-boxed elementor-section-height-default elementor-section-height-default\" data-id=\"fbf0b67\" data-element_type=\"section\" data-e-type=\"section\">\n\t\t\t\t\t\t<div class=\"elementor-container elementor-column-gap-default\">\n\t\t\t\t\t<div class=\"elementor-column elementor-col-100 elementor-top-column elementor-element elementor-element-02417cc\" data-id=\"02417cc\" data-element_type=\"column\" data-e-type=\"column\">\n\t\t\t<div class=\"elementor-widget-wrap elementor-element-populated\">\n\t\t\t\t\t\t<div class=\"elementor-element elementor-element-d1f2ff6 elementor-widget elementor-widget-text-editor\" data-id=\"d1f2ff6\" data-element_type=\"widget\" data-e-type=\"widget\" data-widget_type=\"text-editor.default\">\n\t\t\t\t<div class=\"elementor-widget-container\">\n\t\t\t\t\t\t\t\t\t<h3>The laundry service of WirWaschen with pick up and delivery<\/h3><p>WirWaschen offers a state-of-the-art laundry service, including pick-up and delivery. Billing is convenient and fair by weight. The order is thus very fast and you can give a large part of the washing work to WirWaschen.<\/p><p>Pick-up and return is done in the evening hours at the customer's place and on request the washed laundry can be returned within 24 hours.<\/p><p>WirWaschen's laundry service is available throughout Berlin.<\/p>\t\t\t\t\t\t\t\t<\/div>\n\t\t\t\t<\/div>\n\t\t\t\t\t<\/div>\n\t\t<\/div>\n\t\t\t\t\t<\/div>\n\t\t<\/section>\n\t\t\t\t<section class=\"elementor-section elementor-top-section elementor-element elementor-element-239b861 elementor-section-boxed elementor-section-height-default elementor-section-height-default\" data-id=\"239b861\" data-element_type=\"section\" data-e-type=\"section\">\n\t\t\t\t\t\t<div class=\"elementor-container elementor-column-gap-default\">\n\t\t\t\t\t<div class=\"elementor-column elementor-col-100 elementor-top-column elementor-element elementor-element-e5dc3d7\" data-id=\"e5dc3d7\" data-element_type=\"column\" data-e-type=\"column\">\n\t\t\t<div class=\"elementor-widget-wrap elementor-element-populated\">\n\t\t\t\t\t\t<div class=\"elementor-element elementor-element-6869191 elementor-widget elementor-widget-text-editor\" data-id=\"6869191\" data-element_type=\"widget\" data-e-type=\"widget\" data-widget_type=\"text-editor.default\">\n\t\t\t\t<div class=\"elementor-widget-container\">\n\t\t\t\t\t\t\t\t\t<h3>Alternative laundry services in Berlin<\/h3><p>In Berlin, there are hardly any laundry services that meet the expectations of customers. Most service providers in the city do not have a website, nor do they offer a pick-up and drop-off service for private customers. This makes it difficult for people to find a convenient and time-saving solution for their laundry.<\/p><p>Alternatively, classic dry cleaners can be considered. These sometimes also offer pick-up and delivery services. However, it should be remembered that these dry cleaners are primarily intended for high-quality or labor-intensive textiles and are therefore often quite expensive.<\/p><p>WirWaschen is so far quite alone in the Berlin market with its laundry service offering a pick-up and delivery service and weight-based billing.<\/p>\t\t\t\t\t\t\t\t<\/div>\n\t\t\t\t<\/div>\n\t\t\t\t\t<\/div>\n\t\t<\/div>\n\t\t\t\t\t<\/div>\n\t\t<\/section>\n\t\t\t\t<section class=\"elementor-section elementor-top-section elementor-element elementor-element-dee585f elementor-section-boxed elementor-section-height-default elementor-section-height-default\" data-id=\"dee585f\" data-element_type=\"section\" data-e-type=\"section\" data-settings=\"{&quot;background_background&quot;:&quot;classic&quot;}\">\n\t\t\t\t\t\t<div class=\"elementor-container elementor-column-gap-default\">\n\t\t\t\t\t<div class=\"elementor-column elementor-col-100 elementor-top-column elementor-element elementor-element-bb6a6d7\" data-id=\"bb6a6d7\" data-element_type=\"column\" data-e-type=\"column\">\n\t\t\t<div class=\"elementor-widget-wrap elementor-element-populated\">\n\t\t\t\t\t\t<div class=\"elementor-element elementor-element-f4f2c0c elementor-align-center elementor-widget elementor-widget-button\" data-id=\"f4f2c0c\" data-element_type=\"widget\" data-e-type=\"widget\" data-widget_type=\"button.default\">\n\t\t\t\t<div class=\"elementor-widget-container\">\n\t\t\t\t\t\t\t\t\t<div class=\"elementor-button-wrapper\">\n\t\t\t\t\t<a class=\"elementor-button elementor-button-link elementor-size-sm elementor-animation-shrink\" href=\"https:\/\/wirwaschen.com\/en\/services-and-prices\/\">\n\t\t\t\t\t\t<span class=\"elementor-button-content-wrapper\">\n\t\t\t\t\t\t\t\t\t<span class=\"elementor-button-text\">More about WirWaschen<\/span>\n\t\t\t\t\t<\/span>\n\t\t\t\t\t<\/a>\n\t\t\t\t<\/div>\n\t\t\t\t\t\t\t\t<\/div>\n\t\t\t\t<\/div>\n\t\t\t\t\t<\/div>\n\t\t<\/div>\n\t\t\t\t\t<\/div>\n\t\t<\/section>\n\t\t\t\t<section class=\"elementor-section elementor-top-section elementor-element elementor-element-a00d4d8 elementor-section-boxed elementor-section-height-default elementor-section-height-default\" data-id=\"a00d4d8\" data-element_type=\"section\" data-e-type=\"section\" data-settings=\"{&quot;background_background&quot;:&quot;classic&quot;}\">\n\t\t\t\t\t\t<div class=\"elementor-container elementor-column-gap-default\">\n\t\t\t\t\t<div class=\"elementor-column elementor-col-100 elementor-top-column elementor-element elementor-element-28c63f6\" data-id=\"28c63f6\" data-element_type=\"column\" data-e-type=\"column\">\n\t\t\t<div class=\"elementor-widget-wrap elementor-element-populated\">\n\t\t\t\t\t\t<div class=\"elementor-element elementor-element-3cc8831 elementor-align-center elementor-widget elementor-widget-button\" data-id=\"3cc8831\" data-element_type=\"widget\" data-e-type=\"widget\" data-widget_type=\"button.default\">\n\t\t\t\t<div class=\"elementor-widget-container\">\n\t\t\t\t\t\t\t\t\t<div class=\"elementor-button-wrapper\">\n\t\t\t\t\t<a class=\"elementor-button elementor-button-link elementor-size-sm elementor-animation-shrink\" href=\"https:\/\/wirwaschen.com\/en\/order\/\">\n\t\t\t\t\t\t<span class=\"elementor-button-content-wrapper\">\n\t\t\t\t\t\t\t\t\t<span class=\"elementor-button-text\">Book now<\/span>\n\t\t\t\t\t<\/span>\n\t\t\t\t\t<\/a>\n\t\t\t\t<\/div>\n\t\t\t\t\t\t\t\t<\/div>\n\t\t\t\t<\/div>\n\t\t\t\t\t<\/div>\n\t\t<\/div>\n\t\t\t\t\t<\/div>\n\t\t<\/section>\n\t\t\t\t<\/div>","protected":false},"excerpt":{"rendered":"<p>Waschservices in Berlin &#8211; ein \u00dcberblick Was ist ein Waschservice? Waschservices bieten eine bequeme M\u00f6glichkeit, W\u00e4sche zu erledigen. Kunden k\u00f6nnen ihre schmutzige W\u00e4sche aholen lassen oder abgeben und sie professionell gewaschen, getrocknet und gefaltet zur\u00fcckbekommen. Die Menschen k\u00f6nnen sich auf andere Aufgaben konzentrieren, w\u00e4hrend Fachleute sich um ihre W\u00e4sche k\u00fcmmern. In einer hektischen Stadt wie [&hellip;]<\/p>\n","protected":false},"author":1,"featured_media":0,"parent":0,"menu_order":0,"comment_status":"closed","ping_status":"closed","template":"elementor_header_footer","meta":{"om_disable_all_campaigns":false,"_monsterinsights_skip_tracking":false,"_monsterinsights_sitenote_active":false,"_monsterinsights_sitenote_note":"","_monsterinsights_sitenote_category":0,"footnotes":""},"class_list":["post-314","page","type-page","status-publish","hentry"],"yoast_head":"<!-- This site is optimized with the Yoast SEO plugin v27.5 - https:\/\/yoast.com\/product\/yoast-seo-wordpress\/ -->\n<title>Waschservices in Berlin - WirWaschen - W\u00e4scheservice in Berlin, Hamburg und deutschlandweit<\/title>\n<meta name=\"robots\" content=\"index, follow, max-snippet:-1, max-image-preview:large, max-video-preview:-1\" \/>\n<link rel=\"canonical\" href=\"https:\/\/wirwaschen.com\/en\/laundry-services-in-berlin\/\" \/>\n<meta property=\"og:locale\" content=\"en_US\" \/>\n<meta property=\"og:type\" content=\"article\" \/>\n<meta property=\"og:title\" content=\"Waschservices in Berlin - WirWaschen - W\u00e4scheservice in Berlin, Hamburg und deutschlandweit\" \/>\n<meta property=\"og:description\" content=\"Waschservices in Berlin &#8211; ein \u00dcberblick Was ist ein Waschservice? Waschservices bieten eine bequeme M\u00f6glichkeit, W\u00e4sche zu erledigen. Kunden k\u00f6nnen ihre schmutzige W\u00e4sche aholen lassen oder abgeben und sie professionell gewaschen, getrocknet und gefaltet zur\u00fcckbekommen. Die Menschen k\u00f6nnen sich auf andere Aufgaben konzentrieren, w\u00e4hrend Fachleute sich um ihre W\u00e4sche k\u00fcmmern. In einer hektischen Stadt wie [&hellip;]\" \/>\n<meta property=\"og:url\" content=\"https:\/\/wirwaschen.com\/en\/laundry-services-in-berlin\/\" \/>\n<meta property=\"og:site_name\" content=\"WirWaschen - W\u00e4scheservice in Berlin, Hamburg und deutschlandweit\" \/>\n<meta property=\"article:modified_time\" content=\"2023-06-30T11:11:06+00:00\" \/>\n<meta property=\"og:image\" content=\"https:\/\/wirwaschen.com\/wp-content\/uploads\/2023\/06\/professional-folding-laundry-in-a-laundromat-300x300.png\" \/>\n<meta name=\"twitter:card\" content=\"summary_large_image\" \/>\n<meta name=\"twitter:label1\" content=\"Est. reading time\" \/>\n\t<meta name=\"twitter:data1\" content=\"3 minutes\" \/>\n<script type=\"application\/ld+json\" class=\"yoast-schema-graph\">{\"@context\":\"https:\\\/\\\/schema.org\",\"@graph\":[{\"@type\":\"WebPage\",\"@id\":\"https:\\\/\\\/wirwaschen.com\\\/waschservices-in-berlin\\\/\",\"url\":\"https:\\\/\\\/wirwaschen.com\\\/waschservices-in-berlin\\\/\",\"name\":\"Waschservices in Berlin - WirWaschen - W\u00e4scheservice in Berlin, Hamburg und deutschlandweit\",\"isPartOf\":{\"@id\":\"https:\\\/\\\/wirwaschen.com\\\/#website\"},\"primaryImageOfPage\":{\"@id\":\"https:\\\/\\\/wirwaschen.com\\\/waschservices-in-berlin\\\/#primaryimage\"},\"image\":{\"@id\":\"https:\\\/\\\/wirwaschen.com\\\/waschservices-in-berlin\\\/#primaryimage\"},\"thumbnailUrl\":\"https:\\\/\\\/wirwaschen.com\\\/wp-content\\\/uploads\\\/2023\\\/06\\\/professional-folding-laundry-in-a-laundromat-300x300.png\",\"datePublished\":\"2023-06-09T12:19:32+00:00\",\"dateModified\":\"2023-06-30T11:11:06+00:00\",\"breadcrumb\":{\"@id\":\"https:\\\/\\\/wirwaschen.com\\\/waschservices-in-berlin\\\/#breadcrumb\"},\"inLanguage\":\"en-US\",\"potentialAction\":[{\"@type\":\"ReadAction\",\"target\":[\"https:\\\/\\\/wirwaschen.com\\\/waschservices-in-berlin\\\/\"]}]},{\"@type\":\"ImageObject\",\"inLanguage\":\"en-US\",\"@id\":\"https:\\\/\\\/wirwaschen.com\\\/waschservices-in-berlin\\\/#primaryimage\",\"url\":\"https:\\\/\\\/wirwaschen.com\\\/wp-content\\\/uploads\\\/2023\\\/06\\\/professional-folding-laundry-in-a-laundromat-300x300.png\",\"contentUrl\":\"https:\\\/\\\/wirwaschen.com\\\/wp-content\\\/uploads\\\/2023\\\/06\\\/professional-folding-laundry-in-a-laundromat-300x300.png\"},{\"@type\":\"BreadcrumbList\",\"@id\":\"https:\\\/\\\/wirwaschen.com\\\/waschservices-in-berlin\\\/#breadcrumb\",\"itemListElement\":[{\"@type\":\"ListItem\",\"position\":1,\"name\":\"Startseite\",\"item\":\"https:\\\/\\\/wirwaschen.com\\\/\"},{\"@type\":\"ListItem\",\"position\":2,\"name\":\"Waschservices in Berlin\"}]},{\"@type\":\"WebSite\",\"@id\":\"https:\\\/\\\/wirwaschen.com\\\/#website\",\"url\":\"https:\\\/\\\/wirwaschen.com\\\/\",\"name\":\"WirWaschen - W\u00e4scheservice in Berlin, Hamburg und deutschlandweit\",\"description\":\"Der Service f\u00fcr all deine W\u00e4sche und f\u00fcr Mietw\u00e4sche - mit Hol- und Bringservice\",\"publisher\":{\"@id\":\"https:\\\/\\\/wirwaschen.com\\\/#organization\"},\"potentialAction\":[{\"@type\":\"SearchAction\",\"target\":{\"@type\":\"EntryPoint\",\"urlTemplate\":\"https:\\\/\\\/wirwaschen.com\\\/?s={search_term_string}\"},\"query-input\":{\"@type\":\"PropertyValueSpecification\",\"valueRequired\":true,\"valueName\":\"search_term_string\"}}],\"inLanguage\":\"en-US\"},{\"@type\":\"Organization\",\"@id\":\"https:\\\/\\\/wirwaschen.com\\\/#organization\",\"name\":\"WirWaschen - W\u00e4scheservice in Berlin, Hamburg und deutschlandweit\",\"url\":\"https:\\\/\\\/wirwaschen.com\\\/\",\"logo\":{\"@type\":\"ImageObject\",\"inLanguage\":\"en-US\",\"@id\":\"https:\\\/\\\/wirwaschen.com\\\/#\\\/schema\\\/logo\\\/image\\\/\",\"url\":\"https:\\\/\\\/wirwaschen.com\\\/wp-content\\\/uploads\\\/2023\\\/03\\\/WirWaschen_logo_transparent-bg.png\",\"contentUrl\":\"https:\\\/\\\/wirwaschen.com\\\/wp-content\\\/uploads\\\/2023\\\/03\\\/WirWaschen_logo_transparent-bg.png\",\"width\":500,\"height\":100,\"caption\":\"WirWaschen - W\u00e4scheservice in Berlin, Hamburg und deutschlandweit\"},\"image\":{\"@id\":\"https:\\\/\\\/wirwaschen.com\\\/#\\\/schema\\\/logo\\\/image\\\/\"}}]}<\/script>\n<!-- \/ Yoast SEO plugin. -->","yoast_head_json":{"title":"Waschservices in Berlin - WirWaschen - W\u00e4scheservice in Berlin, Hamburg und deutschlandweit","robots":{"index":"index","follow":"follow","max-snippet":"max-snippet:-1","max-image-preview":"max-image-preview:large","max-video-preview":"max-video-preview:-1"},"canonical":"https:\/\/wirwaschen.com\/en\/laundry-services-in-berlin\/","og_locale":"en_US","og_type":"article","og_title":"Waschservices in Berlin - WirWaschen - W\u00e4scheservice in Berlin, Hamburg und deutschlandweit","og_description":"Waschservices in Berlin &#8211; ein \u00dcberblick Was ist ein Waschservice? Waschservices bieten eine bequeme M\u00f6glichkeit, W\u00e4sche zu erledigen. Kunden k\u00f6nnen ihre schmutzige W\u00e4sche aholen lassen oder abgeben und sie professionell gewaschen, getrocknet und gefaltet zur\u00fcckbekommen. Die Menschen k\u00f6nnen sich auf andere Aufgaben konzentrieren, w\u00e4hrend Fachleute sich um ihre W\u00e4sche k\u00fcmmern. In einer hektischen Stadt wie [&hellip;]","og_url":"https:\/\/wirwaschen.com\/en\/laundry-services-in-berlin\/","og_site_name":"WirWaschen - W\u00e4scheservice in Berlin, Hamburg und deutschlandweit","article_modified_time":"2023-06-30T11:11:06+00:00","og_image":[{"url":"https:\/\/wirwaschen.com\/wp-content\/uploads\/2023\/06\/professional-folding-laundry-in-a-laundromat-300x300.png","type":"","width":"","height":""}],"twitter_card":"summary_large_image","twitter_misc":{"Est. reading time":"3 minutes"},"schema":{"@context":"https:\/\/schema.org","@graph":[{"@type":"WebPage","@id":"https:\/\/wirwaschen.com\/waschservices-in-berlin\/","url":"https:\/\/wirwaschen.com\/waschservices-in-berlin\/","name":"Waschservices in Berlin - WirWaschen - W\u00e4scheservice in Berlin, Hamburg und deutschlandweit","isPartOf":{"@id":"https:\/\/wirwaschen.com\/#website"},"primaryImageOfPage":{"@id":"https:\/\/wirwaschen.com\/waschservices-in-berlin\/#primaryimage"},"image":{"@id":"https:\/\/wirwaschen.com\/waschservices-in-berlin\/#primaryimage"},"thumbnailUrl":"https:\/\/wirwaschen.com\/wp-content\/uploads\/2023\/06\/professional-folding-laundry-in-a-laundromat-300x300.png","datePublished":"2023-06-09T12:19:32+00:00","dateModified":"2023-06-30T11:11:06+00:00","breadcrumb":{"@id":"https:\/\/wirwaschen.com\/waschservices-in-berlin\/#breadcrumb"},"inLanguage":"en-US","potentialAction":[{"@type":"ReadAction","target":["https:\/\/wirwaschen.com\/waschservices-in-berlin\/"]}]},{"@type":"ImageObject","inLanguage":"en-US","@id":"https:\/\/wirwaschen.com\/waschservices-in-berlin\/#primaryimage","url":"https:\/\/wirwaschen.com\/wp-content\/uploads\/2023\/06\/professional-folding-laundry-in-a-laundromat-300x300.png","contentUrl":"https:\/\/wirwaschen.com\/wp-content\/uploads\/2023\/06\/professional-folding-laundry-in-a-laundromat-300x300.png"},{"@type":"BreadcrumbList","@id":"https:\/\/wirwaschen.com\/waschservices-in-berlin\/#breadcrumb","itemListElement":[{"@type":"ListItem","position":1,"name":"Startseite","item":"https:\/\/wirwaschen.com\/"},{"@type":"ListItem","position":2,"name":"Waschservices in Berlin"}]},{"@type":"WebSite","@id":"https:\/\/wirwaschen.com\/#website","url":"https:\/\/wirwaschen.com\/","name":"WirWaschen - W\u00e4scheservice in Berlin, Hamburg und deutschlandweit","description":"Der Service f\u00fcr all deine W\u00e4sche und f\u00fcr Mietw\u00e4sche - mit Hol- und Bringservice","publisher":{"@id":"https:\/\/wirwaschen.com\/#organization"},"potentialAction":[{"@type":"SearchAction","target":{"@type":"EntryPoint","urlTemplate":"https:\/\/wirwaschen.com\/?s={search_term_string}"},"query-input":{"@type":"PropertyValueSpecification","valueRequired":true,"valueName":"search_term_string"}}],"inLanguage":"en-US"},{"@type":"Organization","@id":"https:\/\/wirwaschen.com\/#organization","name":"WirWaschen - W\u00e4scheservice in Berlin, Hamburg und deutschlandweit","url":"https:\/\/wirwaschen.com\/","logo":{"@type":"ImageObject","inLanguage":"en-US","@id":"https:\/\/wirwaschen.com\/#\/schema\/logo\/image\/","url":"https:\/\/wirwaschen.com\/wp-content\/uploads\/2023\/03\/WirWaschen_logo_transparent-bg.png","contentUrl":"https:\/\/wirwaschen.com\/wp-content\/uploads\/2023\/03\/WirWaschen_logo_transparent-bg.png","width":500,"height":100,"caption":"WirWaschen - W\u00e4scheservice in Berlin, Hamburg und deutschlandweit"},"image":{"@id":"https:\/\/wirwaschen.com\/#\/schema\/logo\/image\/"}}]}},"_links":{"self":[{"href":"https:\/\/wirwaschen.com\/en\/wp-json\/wp\/v2\/pages\/314","targetHints":{"allow":["GET"]}}],"collection":[{"href":"https:\/\/wirwaschen.com\/en\/wp-json\/wp\/v2\/pages"}],"about":[{"href":"https:\/\/wirwaschen.com\/en\/wp-json\/wp\/v2\/types\/page"}],"author":[{"embeddable":true,"href":"https:\/\/wirwaschen.com\/en\/wp-json\/wp\/v2\/users\/1"}],"replies":[{"embeddable":true,"href":"https:\/\/wirwaschen.com\/en\/wp-json\/wp\/v2\/comments?post=314"}],"version-history":[{"count":0,"href":"https:\/\/wirwaschen.com\/en\/wp-json\/wp\/v2\/pages\/314\/revisions"}],"wp:attachment":[{"href":"https:\/\/wirwaschen.com\/en\/wp-json\/wp\/v2\/media?parent=314"}],"curies":[{"name":"wp","href":"https:\/\/api.w.org\/{rel}","templated":true}]}}