{"id":21,"date":"2023-03-29T13:11:49","date_gmt":"2023-03-29T13:11:49","guid":{"rendered":"http:\/\/wirwaschen.com\/about-us\/"},"modified":"2023-07-19T08:41:43","modified_gmt":"2023-07-19T08:41:43","slug":"about-us","status":"publish","type":"page","link":"https:\/\/wirwaschen.com\/en\/about-us\/","title":{"rendered":"About us"},"content":{"rendered":"<div data-elementor-type=\"wp-page\" data-elementor-id=\"21\" class=\"elementor elementor-21\">\n\t\t\t\t\t\t<section class=\"elementor-section elementor-top-section elementor-element elementor-element-fd49551 elementor-section-boxed elementor-section-height-default elementor-section-height-default\" data-id=\"fd49551\" data-element_type=\"section\" data-e-type=\"section\">\n\t\t\t\t\t\t<div class=\"elementor-container elementor-column-gap-default\">\n\t\t\t\t\t<div class=\"elementor-column elementor-col-50 elementor-top-column elementor-element elementor-element-2dff7ee\" data-id=\"2dff7ee\" data-element_type=\"column\" data-e-type=\"column\">\n\t\t\t<div class=\"elementor-widget-wrap elementor-element-populated\">\n\t\t\t\t\t\t<div class=\"elementor-element elementor-element-22fc4c93 elementor-widget elementor-widget-heading\" data-id=\"22fc4c93\" data-element_type=\"widget\" data-e-type=\"widget\" data-widget_type=\"heading.default\">\n\t\t\t\t<div class=\"elementor-widget-container\">\n\t\t\t\t\t<h2 class=\"elementor-heading-title elementor-size-default\">About us<\/h2>\t\t\t\t<\/div>\n\t\t\t\t<\/div>\n\t\t\t\t<div class=\"elementor-element elementor-element-31928ba4 elementor-widget elementor-widget-text-editor\" data-id=\"31928ba4\" data-element_type=\"widget\" data-e-type=\"widget\" data-widget_type=\"text-editor.default\">\n\t\t\t\t<div class=\"elementor-widget-container\">\n\t\t\t\t\t\t\t\t\t<p>WirWaschen is a young Berlin-based company that offers high-quality and sustainable laundry services.<\/p><p>Our main focus is customer satisfaction. We therefore offer particularly convenient and simple online communication and booking for our pick-up and delivery service.<\/p><p>We also put a great emphasis on professional logistics. Punctuality and reliability are essential at WirWaschen. Our state-of-the-art systems and well-planned routes ensure that the laundry is reliably picked up from our customers and delivered again.<\/p><p>To ensure the best possible quality, we work with carefully selected partners. Our cooperation partners are experts in laundry processing and share our vision of first-class service and modern technology. So you can rest assured that your clothes will not only be clean, but also gently cared for.<\/p><p>\u00a0<\/p>\t\t\t\t\t\t\t\t<\/div>\n\t\t\t\t<\/div>\n\t\t\t\t\t<\/div>\n\t\t<\/div>\n\t\t\t\t<div class=\"elementor-column elementor-col-50 elementor-top-column elementor-element elementor-element-a828fd0\" data-id=\"a828fd0\" data-element_type=\"column\" data-e-type=\"column\">\n\t\t\t<div class=\"elementor-widget-wrap elementor-element-populated\">\n\t\t\t\t\t\t<div class=\"elementor-element elementor-element-3ebdb78 elementor-widget elementor-widget-heading\" data-id=\"3ebdb78\" data-element_type=\"widget\" data-e-type=\"widget\" data-widget_type=\"heading.default\">\n\t\t\t\t<div class=\"elementor-widget-container\">\n\t\t\t\t\t<h2 class=\"elementor-heading-title elementor-size-default\">Get in touch<\/h2>\t\t\t\t<\/div>\n\t\t\t\t<\/div>\n\t\t\t\t<div class=\"elementor-element elementor-element-ae7325e elementor-widget elementor-widget-text-editor\" data-id=\"ae7325e\" data-element_type=\"widget\" data-e-type=\"widget\" data-widget_type=\"text-editor.default\">\n\t\t\t\t<div class=\"elementor-widget-container\">\n\t\t\t\t\t\t\t\t\t<p>Please get in touch if our <a href=\"https:\/\/wirwaschen.com\/en\/services-and-prices\/\">FAQ<\/a> don't answer all your questions: <br><\/p>\n<p>Email: <a href=\"mailto:kontakt@wirwaschen.com\" target=\"_new\">kontakt@wirwaschen.com<br><\/a>Phone: <a href=\"tel:+493062932599\" target=\"_blank\" rel=\"noopener\">+49 30 629 325 99<\/a> <br><\/p>\t\t\t\t\t\t\t\t<\/div>\n\t\t\t\t<\/div>\n\t\t\t\t\t<\/div>\n\t\t<\/div>\n\t\t\t\t\t<\/div>\n\t\t<\/section>\n\t\t\t\t<section class=\"elementor-section elementor-top-section elementor-element elementor-element-6fcf51c0 elementor-section-full_width elementor-section-height-default elementor-section-height-default\" data-id=\"6fcf51c0\" data-element_type=\"section\" data-e-type=\"section\">\n\t\t\t\t\t\t<div class=\"elementor-container elementor-column-gap-no\">\n\t\t\t\t\t<div class=\"elementor-column elementor-col-100 elementor-top-column elementor-element elementor-element-31d7523a\" data-id=\"31d7523a\" data-element_type=\"column\" data-e-type=\"column\">\n\t\t\t<div class=\"elementor-widget-wrap elementor-element-populated\">\n\t\t\t\t\t\t<div class=\"elementor-element elementor-element-1ff01831 elementor-widget elementor-widget-image\" data-id=\"1ff01831\" data-element_type=\"widget\" data-e-type=\"widget\" data-widget_type=\"image.default\">\n\t\t\t\t<div class=\"elementor-widget-container\">\n\t\t\t\t\t\t\t\t\t\t\t\t\t\t\t<img fetchpriority=\"high\" decoding=\"async\" width=\"800\" height=\"209\" src=\"https:\/\/wirwaschen.com\/wp-content\/uploads\/2023\/03\/dry-cleaning_hero__aboutus_img-1024x268.jpg\" class=\"attachment-large size-large wp-image-22\" alt=\"\" srcset=\"https:\/\/wirwaschen.com\/wp-content\/uploads\/2023\/03\/dry-cleaning_hero__aboutus_img-1024x268.jpg 1024w, https:\/\/wirwaschen.com\/wp-content\/uploads\/2023\/03\/dry-cleaning_hero__aboutus_img-300x79.jpg 300w, https:\/\/wirwaschen.com\/wp-content\/uploads\/2023\/03\/dry-cleaning_hero__aboutus_img-768x201.jpg 768w, https:\/\/wirwaschen.com\/wp-content\/uploads\/2023\/03\/dry-cleaning_hero__aboutus_img-1536x402.jpg 1536w, https:\/\/wirwaschen.com\/wp-content\/uploads\/2023\/03\/dry-cleaning_hero__aboutus_img.jpg 1920w\" sizes=\"(max-width: 800px) 100vw, 800px\" \/>\t\t\t\t\t\t\t\t\t\t\t\t\t\t\t<\/div>\n\t\t\t\t<\/div>\n\t\t\t\t\t<\/div>\n\t\t<\/div>\n\t\t\t\t\t<\/div>\n\t\t<\/section>\n\t\t\t\t<section class=\"elementor-section elementor-top-section elementor-element elementor-element-35396fb6 elementor-section-full_width elementor-section-height-default elementor-section-height-default\" data-id=\"35396fb6\" data-element_type=\"section\" data-e-type=\"section\" data-settings=\"{&quot;background_background&quot;:&quot;classic&quot;}\">\n\t\t\t\t\t\t<div class=\"elementor-container elementor-column-gap-custom\">\n\t\t\t\t\t<div class=\"elementor-column elementor-col-25 elementor-top-column elementor-element elementor-element-1cd932\" data-id=\"1cd932\" data-element_type=\"column\" data-e-type=\"column\">\n\t\t\t<div class=\"elementor-widget-wrap elementor-element-populated\">\n\t\t\t\t\t\t<div class=\"elementor-element elementor-element-28a44575 elementor-widget elementor-widget-heading\" data-id=\"28a44575\" data-element_type=\"widget\" data-e-type=\"widget\" data-widget_type=\"heading.default\">\n\t\t\t\t<div class=\"elementor-widget-container\">\n\t\t\t\t\t<h2 class=\"elementor-heading-title elementor-size-default\">Technology and care<\/h2>\t\t\t\t<\/div>\n\t\t\t\t<\/div>\n\t\t\t\t\t<\/div>\n\t\t<\/div>\n\t\t\t\t<div class=\"elementor-column elementor-col-25 elementor-top-column elementor-element elementor-element-bf0d690\" data-id=\"bf0d690\" data-element_type=\"column\" data-e-type=\"column\">\n\t\t\t<div class=\"elementor-widget-wrap elementor-element-populated\">\n\t\t\t\t\t\t<div class=\"elementor-element elementor-element-2bb37714 elementor-widget elementor-widget-text-editor\" data-id=\"2bb37714\" data-element_type=\"widget\" data-e-type=\"widget\" data-widget_type=\"text-editor.default\">\n\t\t\t\t<div class=\"elementor-widget-container\">\n\t\t\t\t\t\t\t\t\t<p>Our goal is to take away the worry and stress of laundry care and help you have more time for the important things in life. We offer fast and professional cleaning of clothes, bed linen, towels and much more.<\/p>\t\t\t\t\t\t\t\t<\/div>\n\t\t\t\t<\/div>\n\t\t\t\t\t<\/div>\n\t\t<\/div>\n\t\t\t\t<div class=\"elementor-column elementor-col-25 elementor-top-column elementor-element elementor-element-1b3b6c68\" data-id=\"1b3b6c68\" data-element_type=\"column\" data-e-type=\"column\">\n\t\t\t<div class=\"elementor-widget-wrap elementor-element-populated\">\n\t\t\t\t\t\t<div class=\"elementor-element elementor-element-406ce20f elementor-widget elementor-widget-text-editor\" data-id=\"406ce20f\" data-element_type=\"widget\" data-e-type=\"widget\" data-widget_type=\"text-editor.default\">\n\t\t\t\t<div class=\"elementor-widget-container\">\n\t\t\t\t\t\t\t\t\t<p>Our qualified staff and partners have years of experience and always strive to provide you with the best possible service. We and our partners work with state-of-the-art equipment and use only the best cleaning products to ensure that your clothes and linen are returned in perfect condition.<\/p>\t\t\t\t\t\t\t\t<\/div>\n\t\t\t\t<\/div>\n\t\t\t\t\t<\/div>\n\t\t<\/div>\n\t\t\t\t<div class=\"elementor-column elementor-col-25 elementor-top-column elementor-element elementor-element-1e7aa85f\" data-id=\"1e7aa85f\" data-element_type=\"column\" data-e-type=\"column\">\n\t\t\t<div class=\"elementor-widget-wrap elementor-element-populated\">\n\t\t\t\t\t\t<div class=\"elementor-element elementor-element-4a6c34b7 elementor-widget elementor-widget-text-editor\" data-id=\"4a6c34b7\" data-element_type=\"widget\" data-e-type=\"widget\" data-widget_type=\"text-editor.default\">\n\t\t\t\t<div class=\"elementor-widget-container\">\n\t\t\t\t\t\t\t\t\t<p>At WirWaschen, we pride ourselves on being a trusted partner for our customers. Feel free to contact us to learn more about our services. <a href=\"https:\/\/wirwaschen.com\/en\/order\/\">Click here to book your laundry<\/a> .<\/p>\t\t\t\t\t\t\t\t<\/div>\n\t\t\t\t<\/div>\n\t\t\t\t\t<\/div>\n\t\t<\/div>\n\t\t\t\t\t<\/div>\n\t\t<\/section>\n\t\t\t\t<section class=\"elementor-section elementor-top-section elementor-element elementor-element-563e0bd elementor-section-boxed elementor-section-height-default elementor-section-height-default\" data-id=\"563e0bd\" data-element_type=\"section\" data-e-type=\"section\">\n\t\t\t\t\t\t<div class=\"elementor-container elementor-column-gap-default\">\n\t\t\t\t\t<div class=\"elementor-column elementor-col-100 elementor-top-column elementor-element elementor-element-40d1ff2\" data-id=\"40d1ff2\" data-element_type=\"column\" data-e-type=\"column\">\n\t\t\t<div class=\"elementor-widget-wrap elementor-element-populated\">\n\t\t\t\t\t\t<div class=\"elementor-element elementor-element-912ae47 elementor-align-center elementor-widget elementor-widget-button\" data-id=\"912ae47\" data-element_type=\"widget\" data-e-type=\"widget\" data-widget_type=\"button.default\">\n\t\t\t\t<div class=\"elementor-widget-container\">\n\t\t\t\t\t\t\t\t\t<div class=\"elementor-button-wrapper\">\n\t\t\t\t\t<a class=\"elementor-button elementor-button-link elementor-size-sm elementor-animation-shrink\" href=\"https:\/\/wirwaschen.com\/en\/order\/\">\n\t\t\t\t\t\t<span class=\"elementor-button-content-wrapper\">\n\t\t\t\t\t\t\t\t\t<span class=\"elementor-button-text\">Book now<\/span>\n\t\t\t\t\t<\/span>\n\t\t\t\t\t<\/a>\n\t\t\t\t<\/div>\n\t\t\t\t\t\t\t\t<\/div>\n\t\t\t\t<\/div>\n\t\t\t\t\t<\/div>\n\t\t<\/div>\n\t\t\t\t\t<\/div>\n\t\t<\/section>\n\t\t\t\t<\/div>","protected":false},"excerpt":{"rendered":"<p>\u00dcber uns WirWaschen ist ein junges Berliner Unternehmen, das hochwertige und nachhaltige Dienstleistungen rund um W\u00e4sche anbietet. Bei uns stehen die Kundinnen und Kunden im Mittelpunkt. Wir bieten daher besonders komfortable und einfache Online-Kommunikation und -Buchung f\u00fcr unseren Abhol- und Lieferservice an. Professionelle Logistik ist ein weiteres Element, auf das wir gro\u00dfen Wert legen. P\u00fcnktlichkeit [&hellip;]<\/p>\n","protected":false},"author":1,"featured_media":37,"parent":0,"menu_order":0,"comment_status":"closed","ping_status":"closed","template":"elementor_header_footer","meta":{"om_disable_all_campaigns":false,"_monsterinsights_skip_tracking":false,"_monsterinsights_sitenote_active":false,"_monsterinsights_sitenote_note":"","_monsterinsights_sitenote_category":0,"footnotes":""},"class_list":["post-21","page","type-page","status-publish","has-post-thumbnail","hentry"],"yoast_head":"<!-- This site is optimized with the Yoast SEO plugin v27.4 - https:\/\/yoast.com\/product\/yoast-seo-wordpress\/ -->\n<title>\u00dcber uns - WirWaschen - W\u00e4scheservice in Berlin und deutschlandweit<\/title>\n<meta name=\"robots\" content=\"index, follow, max-snippet:-1, max-image-preview:large, max-video-preview:-1\" \/>\n<link rel=\"canonical\" href=\"https:\/\/wirwaschen.com\/en\/about-us\/\" \/>\n<meta property=\"og:locale\" content=\"en_US\" \/>\n<meta property=\"og:type\" content=\"article\" \/>\n<meta property=\"og:title\" content=\"\u00dcber uns - WirWaschen - W\u00e4scheservice in Berlin und deutschlandweit\" \/>\n<meta property=\"og:description\" content=\"\u00dcber uns WirWaschen ist ein junges Berliner Unternehmen, das hochwertige und nachhaltige Dienstleistungen rund um W\u00e4sche anbietet. Bei uns stehen die Kundinnen und Kunden im Mittelpunkt. Wir bieten daher besonders komfortable und einfache Online-Kommunikation und -Buchung f\u00fcr unseren Abhol- und Lieferservice an. Professionelle Logistik ist ein weiteres Element, auf das wir gro\u00dfen Wert legen. P\u00fcnktlichkeit [&hellip;]\" \/>\n<meta property=\"og:url\" content=\"https:\/\/wirwaschen.com\/en\/about-us\/\" \/>\n<meta property=\"og:site_name\" content=\"WirWaschen - W\u00e4scheservice in Berlin und deutschlandweit\" \/>\n<meta property=\"article:modified_time\" content=\"2023-07-19T08:41:43+00:00\" \/>\n<meta property=\"og:image\" content=\"https:\/\/wirwaschen.com\/wp-content\/uploads\/2023\/03\/Dry-Cleaning-About.jpg\" \/>\n\t<meta property=\"og:image:width\" content=\"400\" \/>\n\t<meta property=\"og:image:height\" content=\"380\" \/>\n\t<meta property=\"og:image:type\" content=\"image\/jpeg\" \/>\n<meta name=\"twitter:card\" content=\"summary_large_image\" \/>\n<meta name=\"twitter:label1\" content=\"Est. reading time\" \/>\n\t<meta name=\"twitter:data1\" content=\"2 minutes\" \/>\n<script type=\"application\/ld+json\" class=\"yoast-schema-graph\">{\"@context\":\"https:\\\/\\\/schema.org\",\"@graph\":[{\"@type\":\"WebPage\",\"@id\":\"https:\\\/\\\/wirwaschen.com\\\/about-us\\\/\",\"url\":\"https:\\\/\\\/wirwaschen.com\\\/about-us\\\/\",\"name\":\"\u00dcber uns - WirWaschen - W\u00e4scheservice in Berlin und deutschlandweit\",\"isPartOf\":{\"@id\":\"https:\\\/\\\/wirwaschen.com\\\/#website\"},\"primaryImageOfPage\":{\"@id\":\"https:\\\/\\\/wirwaschen.com\\\/about-us\\\/#primaryimage\"},\"image\":{\"@id\":\"https:\\\/\\\/wirwaschen.com\\\/about-us\\\/#primaryimage\"},\"thumbnailUrl\":\"https:\\\/\\\/wirwaschen.com\\\/wp-content\\\/uploads\\\/2023\\\/03\\\/Dry-Cleaning-About.jpg\",\"datePublished\":\"2023-03-29T13:11:49+00:00\",\"dateModified\":\"2023-07-19T08:41:43+00:00\",\"breadcrumb\":{\"@id\":\"https:\\\/\\\/wirwaschen.com\\\/about-us\\\/#breadcrumb\"},\"inLanguage\":\"en-US\",\"potentialAction\":[{\"@type\":\"ReadAction\",\"target\":[\"https:\\\/\\\/wirwaschen.com\\\/about-us\\\/\"]}]},{\"@type\":\"ImageObject\",\"inLanguage\":\"en-US\",\"@id\":\"https:\\\/\\\/wirwaschen.com\\\/about-us\\\/#primaryimage\",\"url\":\"https:\\\/\\\/wirwaschen.com\\\/wp-content\\\/uploads\\\/2023\\\/03\\\/Dry-Cleaning-About.jpg\",\"contentUrl\":\"https:\\\/\\\/wirwaschen.com\\\/wp-content\\\/uploads\\\/2023\\\/03\\\/Dry-Cleaning-About.jpg\",\"width\":400,\"height\":380},{\"@type\":\"BreadcrumbList\",\"@id\":\"https:\\\/\\\/wirwaschen.com\\\/about-us\\\/#breadcrumb\",\"itemListElement\":[{\"@type\":\"ListItem\",\"position\":1,\"name\":\"Startseite\",\"item\":\"https:\\\/\\\/wirwaschen.com\\\/\"},{\"@type\":\"ListItem\",\"position\":2,\"name\":\"\u00dcber uns\"}]},{\"@type\":\"WebSite\",\"@id\":\"https:\\\/\\\/wirwaschen.com\\\/#website\",\"url\":\"https:\\\/\\\/wirwaschen.com\\\/\",\"name\":\"WirWaschen - W\u00e4scheservice in Berlin und deutschlandweit\",\"description\":\"Der Service f\u00fcr all deine W\u00e4sche - mit Hol- und Bringservice\",\"publisher\":{\"@id\":\"https:\\\/\\\/wirwaschen.com\\\/#organization\"},\"potentialAction\":[{\"@type\":\"SearchAction\",\"target\":{\"@type\":\"EntryPoint\",\"urlTemplate\":\"https:\\\/\\\/wirwaschen.com\\\/?s={search_term_string}\"},\"query-input\":{\"@type\":\"PropertyValueSpecification\",\"valueRequired\":true,\"valueName\":\"search_term_string\"}}],\"inLanguage\":\"en-US\"},{\"@type\":\"Organization\",\"@id\":\"https:\\\/\\\/wirwaschen.com\\\/#organization\",\"name\":\"WirWaschen - W\u00e4scheservice in Berlin und deutschlandweit\",\"url\":\"https:\\\/\\\/wirwaschen.com\\\/\",\"logo\":{\"@type\":\"ImageObject\",\"inLanguage\":\"en-US\",\"@id\":\"https:\\\/\\\/wirwaschen.com\\\/#\\\/schema\\\/logo\\\/image\\\/\",\"url\":\"https:\\\/\\\/wirwaschen.com\\\/wp-content\\\/uploads\\\/2023\\\/03\\\/WirWaschen_logo_transparent-bg.png\",\"contentUrl\":\"https:\\\/\\\/wirwaschen.com\\\/wp-content\\\/uploads\\\/2023\\\/03\\\/WirWaschen_logo_transparent-bg.png\",\"width\":500,\"height\":100,\"caption\":\"WirWaschen - W\u00e4scheservice in Berlin und deutschlandweit\"},\"image\":{\"@id\":\"https:\\\/\\\/wirwaschen.com\\\/#\\\/schema\\\/logo\\\/image\\\/\"}}]}<\/script>\n<!-- \/ Yoast SEO plugin. -->","yoast_head_json":{"title":"About us - WirWaschen laundry service in Berlin and across Germany","robots":{"index":"index","follow":"follow","max-snippet":"max-snippet:-1","max-image-preview":"max-image-preview:large","max-video-preview":"max-video-preview:-1"},"canonical":"https:\/\/wirwaschen.com\/en\/about-us\/","og_locale":"en_US","og_type":"article","og_title":"\u00dcber uns - WirWaschen - W\u00e4scheservice in Berlin und deutschlandweit","og_description":"\u00dcber uns WirWaschen ist ein junges Berliner Unternehmen, das hochwertige und nachhaltige Dienstleistungen rund um W\u00e4sche anbietet. Bei uns stehen die Kundinnen und Kunden im Mittelpunkt. Wir bieten daher besonders komfortable und einfache Online-Kommunikation und -Buchung f\u00fcr unseren Abhol- und Lieferservice an. Professionelle Logistik ist ein weiteres Element, auf das wir gro\u00dfen Wert legen. P\u00fcnktlichkeit [&hellip;]","og_url":"https:\/\/wirwaschen.com\/en\/about-us\/","og_site_name":"WirWaschen - W\u00e4scheservice in Berlin und deutschlandweit","article_modified_time":"2023-07-19T08:41:43+00:00","og_image":[{"width":400,"height":380,"url":"https:\/\/wirwaschen.com\/wp-content\/uploads\/2023\/03\/Dry-Cleaning-About.jpg","type":"image\/jpeg"}],"twitter_card":"summary_large_image","twitter_misc":{"Est. reading time":"2 minutes"},"schema":{"@context":"https:\/\/schema.org","@graph":[{"@type":"WebPage","@id":"https:\/\/wirwaschen.com\/about-us\/","url":"https:\/\/wirwaschen.com\/about-us\/","name":"About us - WirWaschen laundry service in Berlin and across Germany","isPartOf":{"@id":"https:\/\/wirwaschen.com\/#website"},"primaryImageOfPage":{"@id":"https:\/\/wirwaschen.com\/about-us\/#primaryimage"},"image":{"@id":"https:\/\/wirwaschen.com\/about-us\/#primaryimage"},"thumbnailUrl":"https:\/\/wirwaschen.com\/wp-content\/uploads\/2023\/03\/Dry-Cleaning-About.jpg","datePublished":"2023-03-29T13:11:49+00:00","dateModified":"2023-07-19T08:41:43+00:00","breadcrumb":{"@id":"https:\/\/wirwaschen.com\/about-us\/#breadcrumb"},"inLanguage":"en-US","potentialAction":[{"@type":"ReadAction","target":["https:\/\/wirwaschen.com\/about-us\/"]}]},{"@type":"ImageObject","inLanguage":"en-US","@id":"https:\/\/wirwaschen.com\/about-us\/#primaryimage","url":"https:\/\/wirwaschen.com\/wp-content\/uploads\/2023\/03\/Dry-Cleaning-About.jpg","contentUrl":"https:\/\/wirwaschen.com\/wp-content\/uploads\/2023\/03\/Dry-Cleaning-About.jpg","width":400,"height":380},{"@type":"BreadcrumbList","@id":"https:\/\/wirwaschen.com\/about-us\/#breadcrumb","itemListElement":[{"@type":"ListItem","position":1,"name":"Startseite","item":"https:\/\/wirwaschen.com\/"},{"@type":"ListItem","position":2,"name":"\u00dcber uns"}]},{"@type":"WebSite","@id":"https:\/\/wirwaschen.com\/#website","url":"https:\/\/wirwaschen.com\/","name":"WirWaschen - W\u00e4scheservice in Berlin und deutschlandweit","description":"Der Service f\u00fcr all deine W\u00e4sche - mit Hol- und Bringservice","publisher":{"@id":"https:\/\/wirwaschen.com\/#organization"},"potentialAction":[{"@type":"SearchAction","target":{"@type":"EntryPoint","urlTemplate":"https:\/\/wirwaschen.com\/?s={search_term_string}"},"query-input":{"@type":"PropertyValueSpecification","valueRequired":true,"valueName":"search_term_string"}}],"inLanguage":"en-US"},{"@type":"Organization","@id":"https:\/\/wirwaschen.com\/#organization","name":"WirWaschen - W\u00e4scheservice in Berlin und deutschlandweit","url":"https:\/\/wirwaschen.com\/","logo":{"@type":"ImageObject","inLanguage":"en-US","@id":"https:\/\/wirwaschen.com\/#\/schema\/logo\/image\/","url":"https:\/\/wirwaschen.com\/wp-content\/uploads\/2023\/03\/WirWaschen_logo_transparent-bg.png","contentUrl":"https:\/\/wirwaschen.com\/wp-content\/uploads\/2023\/03\/WirWaschen_logo_transparent-bg.png","width":500,"height":100,"caption":"WirWaschen - W\u00e4scheservice in Berlin und deutschlandweit"},"image":{"@id":"https:\/\/wirwaschen.com\/#\/schema\/logo\/image\/"}}]}},"_links":{"self":[{"href":"https:\/\/wirwaschen.com\/en\/wp-json\/wp\/v2\/pages\/21","targetHints":{"allow":["GET"]}}],"collection":[{"href":"https:\/\/wirwaschen.com\/en\/wp-json\/wp\/v2\/pages"}],"about":[{"href":"https:\/\/wirwaschen.com\/en\/wp-json\/wp\/v2\/types\/page"}],"author":[{"embeddable":true,"href":"https:\/\/wirwaschen.com\/en\/wp-json\/wp\/v2\/users\/1"}],"replies":[{"embeddable":true,"href":"https:\/\/wirwaschen.com\/en\/wp-json\/wp\/v2\/comments?post=21"}],"version-history":[{"count":0,"href":"https:\/\/wirwaschen.com\/en\/wp-json\/wp\/v2\/pages\/21\/revisions"}],"wp:featuredmedia":[{"embeddable":true,"href":"https:\/\/wirwaschen.com\/en\/wp-json\/wp\/v2\/media\/37"}],"wp:attachment":[{"href":"https:\/\/wirwaschen.com\/en\/wp-json\/wp\/v2\/media?parent=21"}],"curies":[{"name":"wp","href":"https:\/\/api.w.org\/{rel}","templated":true}]}}