{"id":163,"date":"2023-04-07T09:03:44","date_gmt":"2023-04-07T09:03:44","guid":{"rendered":"https:\/\/wirwaschen.com\/?page_id=163"},"modified":"2025-09-03T11:21:34","modified_gmt":"2025-09-03T11:21:34","slug":"datenschutz","status":"publish","type":"page","link":"https:\/\/wirwaschen.com\/en\/privacy\/","title":{"rendered":"Privacy"},"content":{"rendered":"<div data-elementor-type=\"wp-page\" data-elementor-id=\"163\" class=\"elementor elementor-163\">\n\t\t\t\t\t\t<section class=\"elementor-section elementor-top-section elementor-element elementor-element-f24d6b6 elementor-section-boxed elementor-section-height-default elementor-section-height-default\" data-id=\"f24d6b6\" data-element_type=\"section\" data-e-type=\"section\">\n\t\t\t\t\t\t<div class=\"elementor-container elementor-column-gap-default\">\n\t\t\t\t\t<div class=\"elementor-column elementor-col-100 elementor-top-column elementor-element elementor-element-16b0e09\" data-id=\"16b0e09\" data-element_type=\"column\" data-e-type=\"column\">\n\t\t\t<div class=\"elementor-widget-wrap\">\n\t\t\t\t\t\t\t<\/div>\n\t\t<\/div>\n\t\t\t\t\t<\/div>\n\t\t<\/section>\n\t\t\t\t<section class=\"elementor-section elementor-top-section elementor-element elementor-element-bd599e5 elementor-section-boxed elementor-section-height-default elementor-section-height-default\" data-id=\"bd599e5\" data-element_type=\"section\" data-e-type=\"section\">\n\t\t\t\t\t\t<div class=\"elementor-container elementor-column-gap-default\">\n\t\t\t\t\t<div class=\"elementor-column elementor-col-100 elementor-top-column elementor-element elementor-element-2835003\" data-id=\"2835003\" data-element_type=\"column\" data-e-type=\"column\">\n\t\t\t<div class=\"elementor-widget-wrap elementor-element-populated\">\n\t\t\t\t\t\t<div class=\"elementor-element elementor-element-b1e58a9 elementor-widget elementor-widget-heading\" data-id=\"b1e58a9\" data-element_type=\"widget\" data-e-type=\"widget\" data-widget_type=\"heading.default\">\n\t\t\t\t<div class=\"elementor-widget-container\">\n\t\t\t\t\t<h2 class=\"elementor-heading-title elementor-size-default\">Privacy<\/h2>\t\t\t\t<\/div>\n\t\t\t\t<\/div>\n\t\t\t\t<div class=\"elementor-element elementor-element-78129a5 elementor-widget elementor-widget-text-editor\" data-id=\"78129a5\" data-element_type=\"widget\" data-e-type=\"widget\" data-widget_type=\"text-editor.default\">\n\t\t\t\t<div class=\"elementor-widget-container\">\n\t\t\t\t\t\t\t\t\t<p>Die WirWaschen GmbH nimmt den Schutz Ihrer personenbezogenen Daten sehr ernst. Im Folgenden m\u00f6chten wir Sie dar\u00fcber informieren, welche Daten bei der Nutzung unserer Website und unseres W\u00e4scheservices mit Hol- und Bringdienst erhoben werden und wie wir diese Daten verwenden.<\/p>\n<ol>\n<li>\n<p>Verantwortlicher Verantwortlicher im Sinne der Datenschutz-Grundverordnung (DSGVO) ist:<br>WirWaschen GmbH, vertreten durch den Gesch\u00e4ftsf\u00fchrer Felix Schaar<br>Kolonnenstr. 8, 10827 Berlin.<br>Email: <a href=\"mailto:kontakt@wirwaschen.com\" target=\"_new\">kontakt@wirwaschen.com<\/a><\/p>\n<\/li>\n<li>\n<p>Erhebung, Verarbeitung und Nutzung personenbezogener Daten:<br>Personenbezogene Daten sind alle Informationen, die sich auf eine identifizierte oder identifizierbare nat\u00fcrliche Person beziehen. Wir erheben, verarbeiten und nutzen personenbezogene Daten ausschlie\u00dflich im Rahmen der gesetzlichen Vorschriften und nur, soweit dies f\u00fcr die Durchf\u00fchrung unserer Dienstleistungen erforderlich ist.<\/p>\n<\/li>\n<\/ol>\n<p>2.1 Nutzung unserer Website:<br>Wenn Sie unsere Website besuchen, werden von unserem Webserver automatisch Informationen wie die IP-Adresse Ihres Ger\u00e4ts, der Browsertyp, das Betriebssystem, die von Ihnen besuchten Seiten, der Zeitpunkt des Besuchs und die Verweildauer auf der Website erhoben und gespeichert. Diese Daten werden zur Verbesserung der Website und zu statistischen Zwecken ausgewertet und nach sp\u00e4testens 7 Tagen automatisch gel\u00f6scht.<\/p>\n<p>2.2 W\u00e4scheservice mit Hol- und Bringdienst:<br>Wenn Sie unseren W\u00e4scheservice mit Hol- und Bringdienst nutzen, erheben wir von Ihnen folgende personenbezogene Daten:<\/p>\n<ul>\n<li>Vor- und Nachname<\/li>\n<li>Adresse<\/li>\n<li>Telefonnummer<\/li>\n<li>E-Mail-Adresse<\/li>\n<li>Daten zur Zahlungsabwicklung<\/li>\n<\/ul>\n<p>Diese Daten werden zur Abwicklung des W\u00e4scheservices mit Hol- und Bringdienst sowie zur Erf\u00fcllung der damit verbundenen vertraglichen Verpflichtungen erhoben und verarbeitet. Wir geben Ihre Daten nicht an Dritte weiter, es sei denn, dies ist zur Durchf\u00fchrung des Hol- und Bringdienstes erforderlich (z.B. an unsere Logistikpartner).<\/p>\n<ol start=\"3\">\n<li>Einsatz von Dienstleistern au\u00dferhalb der EU: <br>Wir nutzen Dienstleistungen von verschiedenen Unternehmen, die au\u00dferhalb der EU ans\u00e4ssig sind. Hierbei handelt es sich um die folgenden Dienstleister:<\/li>\n<\/ol>\n<ul>\n<li>Google LLC (1600 Amphitheatre Parkway, Mountain View, CA 94043, USA)<\/li>\n<li>Airtable Inc. (22 4th Street, Floor 6, San Francisco, CA 94103, USA)<\/li>\n<li>Zapier Inc. (548 Market St #62411, San Francisco, CA 94104, USA)<\/li>\n<li>Meta Platforms, Inc. (1 Hacker Way, Menlo Park, CA 94025, USA)<\/li>\n<li>Twilio Inc. (375 Beale St, Suite 300, San Francisco, CA 94105, USA)\n<p>Diese Dienstleister sind nach dem Privacy-Shield-Abkommen zertifiziert oder es wurden geeignete Garantien gem\u00e4\u00df der DSGVO vereinbart. Dadurch wird sichergestellt, dass ein angemessenes Datenschutzniveau gew\u00e4hrleistet ist.<\/p>\n<\/li>\n<\/ul>\n<ol start=\"4\">\n<li>Cookies:<br>Unsere Website verwendet Cookies, um die Benutzerfreundlichkeit und Funktionalit\u00e4t zu verbessern. Cookies sind kleine Textdateien, die auf Ihrem Ger\u00e4t gespeichert werden. Die meisten der von uns verwendeten Cookies sind so genannte &#8222;Session-Cookies&#8220;, die nach Ende Ihres Besuchs automatisch gel\u00f6scht werden. Andere Cookies bleiben auf Ihrem Ger\u00e4t gespeichert, bis Sie diese l\u00f6schen. Sie k\u00f6nnen die Speicherung von Cookies durch eine entsprechende Einstellung Ihrer Browser-Software verhindern.<\/li>\n<li>Ihre Rechte:<br>Sie haben das Recht auf Auskunft \u00fcber die von uns gespeicherten personenbezogenen Daten, sowie auf Berichtigung, L\u00f6schung oder Einschr\u00e4nkung der Verarbeitung dieser Daten. Au\u00dferdem haben Sie das Recht auf Daten\u00fcbertragbarkeit und das Recht auf Widerspruch gegen die Verarbeitung Ihrer Daten. Bitte wenden Sie sich dazu an die oben genannten Kontaktdaten.<\/li>\n<li>\u00c4nderungen der Datenschutzerkl\u00e4rung:<br>Wir behalten uns das Recht vor, diese Datenschutzerkl\u00e4rung jederzeit zu \u00e4ndern. Die jeweils aktuelle Version ist auf unserer Website verf\u00fcgbar.<\/li>\n<\/ol>\n<p>Stand: 13. Juni 2025<\/p>\t\t\t\t\t\t\t\t<\/div>\n\t\t\t\t<\/div>\n\t\t\t\t\t<\/div>\n\t\t<\/div>\n\t\t\t\t\t<\/div>\n\t\t<\/section>\n\t\t\t\t<\/div>","protected":false},"excerpt":{"rendered":"<p>Datenschutz Die WirWaschen GmbH nimmt den Schutz Ihrer personenbezogenen Daten sehr ernst. Im Folgenden m\u00f6chten wir Sie dar\u00fcber informieren, welche Daten bei der Nutzung unserer Website und unseres W\u00e4scheservices mit Hol- und Bringdienst erhoben werden und wie wir diese Daten verwenden. Verantwortlicher Verantwortlicher im Sinne der Datenschutz-Grundverordnung (DSGVO) ist:WirWaschen GmbH, vertreten durch den Gesch\u00e4ftsf\u00fchrer Felix [&hellip;]<\/p>\n","protected":false},"author":1,"featured_media":0,"parent":0,"menu_order":0,"comment_status":"closed","ping_status":"closed","template":"elementor_header_footer","meta":{"om_disable_all_campaigns":false,"_monsterinsights_skip_tracking":false,"_monsterinsights_sitenote_active":false,"_monsterinsights_sitenote_note":"","_monsterinsights_sitenote_category":0,"footnotes":""},"class_list":["post-163","page","type-page","status-publish","hentry"],"yoast_head":"<!-- This site is optimized with the Yoast SEO plugin v27.3 - https:\/\/yoast.com\/product\/yoast-seo-wordpress\/ -->\n<title>Datenschutz - WirWaschen - W\u00e4scheservice in Berlin und deutschlandweit<\/title>\n<meta name=\"robots\" content=\"index, follow, max-snippet:-1, max-image-preview:large, max-video-preview:-1\" \/>\n<link rel=\"canonical\" href=\"https:\/\/wirwaschen.com\/en\/privacy\/\" \/>\n<meta property=\"og:locale\" content=\"en_US\" \/>\n<meta property=\"og:type\" content=\"article\" \/>\n<meta property=\"og:title\" content=\"Datenschutz - WirWaschen - W\u00e4scheservice in Berlin und deutschlandweit\" \/>\n<meta property=\"og:description\" content=\"Datenschutz Die WirWaschen GmbH nimmt den Schutz Ihrer personenbezogenen Daten sehr ernst. Im Folgenden m\u00f6chten wir Sie dar\u00fcber informieren, welche Daten bei der Nutzung unserer Website und unseres W\u00e4scheservices mit Hol- und Bringdienst erhoben werden und wie wir diese Daten verwenden. Verantwortlicher Verantwortlicher im Sinne der Datenschutz-Grundverordnung (DSGVO) ist:WirWaschen GmbH, vertreten durch den Gesch\u00e4ftsf\u00fchrer Felix [&hellip;]\" \/>\n<meta property=\"og:url\" content=\"https:\/\/wirwaschen.com\/en\/privacy\/\" \/>\n<meta property=\"og:site_name\" content=\"WirWaschen - W\u00e4scheservice in Berlin und deutschlandweit\" \/>\n<meta property=\"article:modified_time\" content=\"2025-09-03T11:21:34+00:00\" \/>\n<meta name=\"twitter:card\" content=\"summary_large_image\" \/>\n<meta name=\"twitter:label1\" content=\"Est. reading time\" \/>\n\t<meta name=\"twitter:data1\" content=\"3 minutes\" \/>\n<script type=\"application\/ld+json\" class=\"yoast-schema-graph\">{\"@context\":\"https:\\\/\\\/schema.org\",\"@graph\":[{\"@type\":\"WebPage\",\"@id\":\"https:\\\/\\\/wirwaschen.com\\\/datenschutz\\\/\",\"url\":\"https:\\\/\\\/wirwaschen.com\\\/datenschutz\\\/\",\"name\":\"Datenschutz - WirWaschen - W\u00e4scheservice in Berlin und deutschlandweit\",\"isPartOf\":{\"@id\":\"https:\\\/\\\/wirwaschen.com\\\/#website\"},\"datePublished\":\"2023-04-07T09:03:44+00:00\",\"dateModified\":\"2025-09-03T11:21:34+00:00\",\"breadcrumb\":{\"@id\":\"https:\\\/\\\/wirwaschen.com\\\/datenschutz\\\/#breadcrumb\"},\"inLanguage\":\"en-US\",\"potentialAction\":[{\"@type\":\"ReadAction\",\"target\":[\"https:\\\/\\\/wirwaschen.com\\\/datenschutz\\\/\"]}]},{\"@type\":\"BreadcrumbList\",\"@id\":\"https:\\\/\\\/wirwaschen.com\\\/datenschutz\\\/#breadcrumb\",\"itemListElement\":[{\"@type\":\"ListItem\",\"position\":1,\"name\":\"Startseite\",\"item\":\"https:\\\/\\\/wirwaschen.com\\\/\"},{\"@type\":\"ListItem\",\"position\":2,\"name\":\"Datenschutz\"}]},{\"@type\":\"WebSite\",\"@id\":\"https:\\\/\\\/wirwaschen.com\\\/#website\",\"url\":\"https:\\\/\\\/wirwaschen.com\\\/\",\"name\":\"WirWaschen - W\u00e4scheservice in Berlin und deutschlandweit\",\"description\":\"Der Service f\u00fcr all deine W\u00e4sche - mit Hol- und Bringservice\",\"publisher\":{\"@id\":\"https:\\\/\\\/wirwaschen.com\\\/#organization\"},\"potentialAction\":[{\"@type\":\"SearchAction\",\"target\":{\"@type\":\"EntryPoint\",\"urlTemplate\":\"https:\\\/\\\/wirwaschen.com\\\/?s={search_term_string}\"},\"query-input\":{\"@type\":\"PropertyValueSpecification\",\"valueRequired\":true,\"valueName\":\"search_term_string\"}}],\"inLanguage\":\"en-US\"},{\"@type\":\"Organization\",\"@id\":\"https:\\\/\\\/wirwaschen.com\\\/#organization\",\"name\":\"WirWaschen - W\u00e4scheservice in Berlin und deutschlandweit\",\"url\":\"https:\\\/\\\/wirwaschen.com\\\/\",\"logo\":{\"@type\":\"ImageObject\",\"inLanguage\":\"en-US\",\"@id\":\"https:\\\/\\\/wirwaschen.com\\\/#\\\/schema\\\/logo\\\/image\\\/\",\"url\":\"https:\\\/\\\/wirwaschen.com\\\/wp-content\\\/uploads\\\/2023\\\/03\\\/WirWaschen_logo_transparent-bg.png\",\"contentUrl\":\"https:\\\/\\\/wirwaschen.com\\\/wp-content\\\/uploads\\\/2023\\\/03\\\/WirWaschen_logo_transparent-bg.png\",\"width\":500,\"height\":100,\"caption\":\"WirWaschen - W\u00e4scheservice in Berlin und deutschlandweit\"},\"image\":{\"@id\":\"https:\\\/\\\/wirwaschen.com\\\/#\\\/schema\\\/logo\\\/image\\\/\"}}]}<\/script>\n<!-- \/ Yoast SEO plugin. -->","yoast_head_json":{"title":"Privacy: WirWaschen laundry service in Berlin and across Germany","robots":{"index":"index","follow":"follow","max-snippet":"max-snippet:-1","max-image-preview":"max-image-preview:large","max-video-preview":"max-video-preview:-1"},"canonical":"https:\/\/wirwaschen.com\/en\/privacy\/","og_locale":"en_US","og_type":"article","og_title":"Datenschutz - WirWaschen - W\u00e4scheservice in Berlin und deutschlandweit","og_description":"Datenschutz Die WirWaschen GmbH nimmt den Schutz Ihrer personenbezogenen Daten sehr ernst. Im Folgenden m\u00f6chten wir Sie dar\u00fcber informieren, welche Daten bei der Nutzung unserer Website und unseres W\u00e4scheservices mit Hol- und Bringdienst erhoben werden und wie wir diese Daten verwenden. Verantwortlicher Verantwortlicher im Sinne der Datenschutz-Grundverordnung (DSGVO) ist:WirWaschen GmbH, vertreten durch den Gesch\u00e4ftsf\u00fchrer Felix [&hellip;]","og_url":"https:\/\/wirwaschen.com\/en\/privacy\/","og_site_name":"WirWaschen - W\u00e4scheservice in Berlin und deutschlandweit","article_modified_time":"2025-09-03T11:21:34+00:00","twitter_card":"summary_large_image","twitter_misc":{"Est. reading time":"3 minutes"},"schema":{"@context":"https:\/\/schema.org","@graph":[{"@type":"WebPage","@id":"https:\/\/wirwaschen.com\/datenschutz\/","url":"https:\/\/wirwaschen.com\/datenschutz\/","name":"Privacy: WirWaschen laundry service in Berlin and across Germany","isPartOf":{"@id":"https:\/\/wirwaschen.com\/#website"},"datePublished":"2023-04-07T09:03:44+00:00","dateModified":"2025-09-03T11:21:34+00:00","breadcrumb":{"@id":"https:\/\/wirwaschen.com\/datenschutz\/#breadcrumb"},"inLanguage":"en-US","potentialAction":[{"@type":"ReadAction","target":["https:\/\/wirwaschen.com\/datenschutz\/"]}]},{"@type":"BreadcrumbList","@id":"https:\/\/wirwaschen.com\/datenschutz\/#breadcrumb","itemListElement":[{"@type":"ListItem","position":1,"name":"Startseite","item":"https:\/\/wirwaschen.com\/"},{"@type":"ListItem","position":2,"name":"Datenschutz"}]},{"@type":"WebSite","@id":"https:\/\/wirwaschen.com\/#website","url":"https:\/\/wirwaschen.com\/","name":"WirWaschen - W\u00e4scheservice in Berlin und deutschlandweit","description":"Der Service f\u00fcr all deine W\u00e4sche - mit Hol- und Bringservice","publisher":{"@id":"https:\/\/wirwaschen.com\/#organization"},"potentialAction":[{"@type":"SearchAction","target":{"@type":"EntryPoint","urlTemplate":"https:\/\/wirwaschen.com\/?s={search_term_string}"},"query-input":{"@type":"PropertyValueSpecification","valueRequired":true,"valueName":"search_term_string"}}],"inLanguage":"en-US"},{"@type":"Organization","@id":"https:\/\/wirwaschen.com\/#organization","name":"WirWaschen - W\u00e4scheservice in Berlin und deutschlandweit","url":"https:\/\/wirwaschen.com\/","logo":{"@type":"ImageObject","inLanguage":"en-US","@id":"https:\/\/wirwaschen.com\/#\/schema\/logo\/image\/","url":"https:\/\/wirwaschen.com\/wp-content\/uploads\/2023\/03\/WirWaschen_logo_transparent-bg.png","contentUrl":"https:\/\/wirwaschen.com\/wp-content\/uploads\/2023\/03\/WirWaschen_logo_transparent-bg.png","width":500,"height":100,"caption":"WirWaschen - W\u00e4scheservice in Berlin und deutschlandweit"},"image":{"@id":"https:\/\/wirwaschen.com\/#\/schema\/logo\/image\/"}}]}},"_links":{"self":[{"href":"https:\/\/wirwaschen.com\/en\/wp-json\/wp\/v2\/pages\/163","targetHints":{"allow":["GET"]}}],"collection":[{"href":"https:\/\/wirwaschen.com\/en\/wp-json\/wp\/v2\/pages"}],"about":[{"href":"https:\/\/wirwaschen.com\/en\/wp-json\/wp\/v2\/types\/page"}],"author":[{"embeddable":true,"href":"https:\/\/wirwaschen.com\/en\/wp-json\/wp\/v2\/users\/1"}],"replies":[{"embeddable":true,"href":"https:\/\/wirwaschen.com\/en\/wp-json\/wp\/v2\/comments?post=163"}],"version-history":[{"count":3,"href":"https:\/\/wirwaschen.com\/en\/wp-json\/wp\/v2\/pages\/163\/revisions"}],"predecessor-version":[{"id":2038,"href":"https:\/\/wirwaschen.com\/en\/wp-json\/wp\/v2\/pages\/163\/revisions\/2038"}],"wp:attachment":[{"href":"https:\/\/wirwaschen.com\/en\/wp-json\/wp\/v2\/media?parent=163"}],"curies":[{"name":"wp","href":"https:\/\/api.w.org\/{rel}","templated":true}]}}