{"id":1420,"date":"2024-04-30T08:01:27","date_gmt":"2024-04-30T08:01:27","guid":{"rendered":"https:\/\/wirwaschen.com\/?page_id=1420"},"modified":"2024-04-30T08:14:50","modified_gmt":"2024-04-30T08:14:50","slug":"mietwasche-buchen-hotelwasche-bettwasche-und-handtucher","status":"publish","type":"page","link":"https:\/\/wirwaschen.com\/en\/mietwasche-buchen-hotelwasche-bettwasche-und-handtucher\/","title":{"rendered":"Mietw\u00e4sche buchen &#8211; Hotelw\u00e4sche, Bettw\u00e4sche und Handt\u00fccher"},"content":{"rendered":"\t\t<div data-elementor-type=\"wp-page\" data-elementor-id=\"1420\" class=\"elementor elementor-1420\">\n\t\t\t\t\t\t<section class=\"elementor-section elementor-top-section elementor-element elementor-element-6d7cd01 elementor-section-boxed elementor-section-height-default elementor-section-height-default\" data-id=\"6d7cd01\" data-element_type=\"section\" data-e-type=\"section\" data-settings=\"{&quot;background_background&quot;:&quot;classic&quot;}\">\n\t\t\t\t\t\t<div class=\"elementor-container elementor-column-gap-default\">\n\t\t\t\t\t<div class=\"elementor-column elementor-col-100 elementor-top-column elementor-element elementor-element-8b3dd03\" data-id=\"8b3dd03\" data-element_type=\"column\" data-e-type=\"column\">\n\t\t\t<div class=\"elementor-widget-wrap elementor-element-populated\">\n\t\t\t\t\t\t<div class=\"elementor-element elementor-element-2c374ba elementor-widget elementor-widget-html\" data-id=\"2c374ba\" data-element_type=\"widget\" data-e-type=\"widget\" data-widget_type=\"html.default\">\n\t\t\t\t<div class=\"elementor-widget-container\">\n\t\t\t\t\t<iframe data-tally-src=\"https:\/\/tally.so\/embed\/nWAA7P?alignLeft=1&hideTitle=1&transparentBackground=1&dynamicHeight=1\" loading=\"lazy\" width=\"100%\" height=\"3439\" frameborder=\"0\" marginheight=\"0\" marginwidth=\"0\" title=\"DE-Mietw\u00e4sche-Kombibuchung\"><\/iframe><script>var d=document,w=\"https:\/\/tally.so\/widgets\/embed.js\",v=function(){\"undefined\"!=typeof Tally?Tally.loadEmbeds():d.querySelectorAll(\"iframe[data-tally-src]:not([src])\").forEach((function(e){e.src=e.dataset.tallySrc}))};if(\"undefined\"!=typeof Tally)v();else if(d.querySelector('script[src=\"'+w+'\"]')==null){var s=d.createElement(\"script\");s.src=w,s.onload=v,s.onerror=v,d.body.appendChild(s);}<\/script>\t\t\t\t<\/div>\n\t\t\t\t<\/div>\n\t\t\t\t\t<\/div>\n\t\t<\/div>\n\t\t\t\t\t<\/div>\n\t\t<\/section>\n\t\t\t\t<\/div>\n\t\t","protected":false},"excerpt":{"rendered":"","protected":false},"author":1,"featured_media":0,"parent":0,"menu_order":0,"comment_status":"closed","ping_status":"closed","template":"elementor_header_footer","meta":{"om_disable_all_campaigns":false,"_monsterinsights_skip_tracking":false,"_monsterinsights_sitenote_active":false,"_monsterinsights_sitenote_note":"","_monsterinsights_sitenote_category":0,"footnotes":""},"class_list":["post-1420","page","type-page","status-publish","hentry"],"yoast_head":"<!-- This site is optimized with the Yoast SEO plugin v27.3 - https:\/\/yoast.com\/product\/yoast-seo-wordpress\/ -->\n<title>Mietw\u00e4sche buchen - Hotelw\u00e4sche, Bettw\u00e4sche und Handt\u00fccher - WirWaschen - W\u00e4scheservice in Berlin und deutschlandweit<\/title>\n<meta name=\"robots\" content=\"index, follow, max-snippet:-1, max-image-preview:large, max-video-preview:-1\" \/>\n<link rel=\"canonical\" href=\"https:\/\/wirwaschen.com\/en\/mietwasche-buchen-hotelwasche-bettwasche-und-handtucher\/\" \/>\n<meta property=\"og:locale\" content=\"en_US\" \/>\n<meta property=\"og:type\" content=\"article\" \/>\n<meta property=\"og:title\" content=\"Mietw\u00e4sche buchen - Hotelw\u00e4sche, Bettw\u00e4sche und Handt\u00fccher - WirWaschen - W\u00e4scheservice in Berlin und deutschlandweit\" \/>\n<meta property=\"og:url\" content=\"https:\/\/wirwaschen.com\/en\/mietwasche-buchen-hotelwasche-bettwasche-und-handtucher\/\" \/>\n<meta property=\"og:site_name\" content=\"WirWaschen - W\u00e4scheservice in Berlin und deutschlandweit\" \/>\n<meta property=\"article:modified_time\" content=\"2024-04-30T08:14:50+00:00\" \/>\n<meta name=\"twitter:card\" content=\"summary_large_image\" \/>\n<script type=\"application\/ld+json\" class=\"yoast-schema-graph\">{\"@context\":\"https:\\\/\\\/schema.org\",\"@graph\":[{\"@type\":\"WebPage\",\"@id\":\"https:\\\/\\\/wirwaschen.com\\\/mietwasche-buchen-hotelwasche-bettwasche-und-handtucher\\\/\",\"url\":\"https:\\\/\\\/wirwaschen.com\\\/mietwasche-buchen-hotelwasche-bettwasche-und-handtucher\\\/\",\"name\":\"Mietw\u00e4sche buchen - Hotelw\u00e4sche, Bettw\u00e4sche und Handt\u00fccher - WirWaschen - W\u00e4scheservice in Berlin und deutschlandweit\",\"isPartOf\":{\"@id\":\"https:\\\/\\\/wirwaschen.com\\\/#website\"},\"datePublished\":\"2024-04-30T08:01:27+00:00\",\"dateModified\":\"2024-04-30T08:14:50+00:00\",\"breadcrumb\":{\"@id\":\"https:\\\/\\\/wirwaschen.com\\\/mietwasche-buchen-hotelwasche-bettwasche-und-handtucher\\\/#breadcrumb\"},\"inLanguage\":\"en-US\",\"potentialAction\":[{\"@type\":\"ReadAction\",\"target\":[\"https:\\\/\\\/wirwaschen.com\\\/mietwasche-buchen-hotelwasche-bettwasche-und-handtucher\\\/\"]}]},{\"@type\":\"BreadcrumbList\",\"@id\":\"https:\\\/\\\/wirwaschen.com\\\/mietwasche-buchen-hotelwasche-bettwasche-und-handtucher\\\/#breadcrumb\",\"itemListElement\":[{\"@type\":\"ListItem\",\"position\":1,\"name\":\"Startseite\",\"item\":\"https:\\\/\\\/wirwaschen.com\\\/\"},{\"@type\":\"ListItem\",\"position\":2,\"name\":\"Mietw\u00e4sche buchen &#8211; Hotelw\u00e4sche, Bettw\u00e4sche und Handt\u00fccher\"}]},{\"@type\":\"WebSite\",\"@id\":\"https:\\\/\\\/wirwaschen.com\\\/#website\",\"url\":\"https:\\\/\\\/wirwaschen.com\\\/\",\"name\":\"WirWaschen - W\u00e4scheservice in Berlin und deutschlandweit\",\"description\":\"Der Service f\u00fcr all deine W\u00e4sche - mit Hol- und Bringservice\",\"publisher\":{\"@id\":\"https:\\\/\\\/wirwaschen.com\\\/#organization\"},\"potentialAction\":[{\"@type\":\"SearchAction\",\"target\":{\"@type\":\"EntryPoint\",\"urlTemplate\":\"https:\\\/\\\/wirwaschen.com\\\/?s={search_term_string}\"},\"query-input\":{\"@type\":\"PropertyValueSpecification\",\"valueRequired\":true,\"valueName\":\"search_term_string\"}}],\"inLanguage\":\"en-US\"},{\"@type\":\"Organization\",\"@id\":\"https:\\\/\\\/wirwaschen.com\\\/#organization\",\"name\":\"WirWaschen - W\u00e4scheservice in Berlin und deutschlandweit\",\"url\":\"https:\\\/\\\/wirwaschen.com\\\/\",\"logo\":{\"@type\":\"ImageObject\",\"inLanguage\":\"en-US\",\"@id\":\"https:\\\/\\\/wirwaschen.com\\\/#\\\/schema\\\/logo\\\/image\\\/\",\"url\":\"https:\\\/\\\/wirwaschen.com\\\/wp-content\\\/uploads\\\/2023\\\/03\\\/WirWaschen_logo_transparent-bg.png\",\"contentUrl\":\"https:\\\/\\\/wirwaschen.com\\\/wp-content\\\/uploads\\\/2023\\\/03\\\/WirWaschen_logo_transparent-bg.png\",\"width\":500,\"height\":100,\"caption\":\"WirWaschen - W\u00e4scheservice in Berlin und deutschlandweit\"},\"image\":{\"@id\":\"https:\\\/\\\/wirwaschen.com\\\/#\\\/schema\\\/logo\\\/image\\\/\"}}]}<\/script>\n<!-- \/ Yoast SEO plugin. -->","yoast_head_json":{"title":"Mietw\u00e4sche buchen - Hotelw\u00e4sche, Bettw\u00e4sche und Handt\u00fccher - WirWaschen - W\u00e4scheservice in Berlin und deutschlandweit","robots":{"index":"index","follow":"follow","max-snippet":"max-snippet:-1","max-image-preview":"max-image-preview:large","max-video-preview":"max-video-preview:-1"},"canonical":"https:\/\/wirwaschen.com\/en\/mietwasche-buchen-hotelwasche-bettwasche-und-handtucher\/","og_locale":"en_US","og_type":"article","og_title":"Mietw\u00e4sche buchen - Hotelw\u00e4sche, Bettw\u00e4sche und Handt\u00fccher - WirWaschen - W\u00e4scheservice in Berlin und deutschlandweit","og_url":"https:\/\/wirwaschen.com\/en\/mietwasche-buchen-hotelwasche-bettwasche-und-handtucher\/","og_site_name":"WirWaschen - W\u00e4scheservice in Berlin und deutschlandweit","article_modified_time":"2024-04-30T08:14:50+00:00","twitter_card":"summary_large_image","schema":{"@context":"https:\/\/schema.org","@graph":[{"@type":"WebPage","@id":"https:\/\/wirwaschen.com\/mietwasche-buchen-hotelwasche-bettwasche-und-handtucher\/","url":"https:\/\/wirwaschen.com\/mietwasche-buchen-hotelwasche-bettwasche-und-handtucher\/","name":"Mietw\u00e4sche buchen - Hotelw\u00e4sche, Bettw\u00e4sche und Handt\u00fccher - WirWaschen - W\u00e4scheservice in Berlin und deutschlandweit","isPartOf":{"@id":"https:\/\/wirwaschen.com\/#website"},"datePublished":"2024-04-30T08:01:27+00:00","dateModified":"2024-04-30T08:14:50+00:00","breadcrumb":{"@id":"https:\/\/wirwaschen.com\/mietwasche-buchen-hotelwasche-bettwasche-und-handtucher\/#breadcrumb"},"inLanguage":"en-US","potentialAction":[{"@type":"ReadAction","target":["https:\/\/wirwaschen.com\/mietwasche-buchen-hotelwasche-bettwasche-und-handtucher\/"]}]},{"@type":"BreadcrumbList","@id":"https:\/\/wirwaschen.com\/mietwasche-buchen-hotelwasche-bettwasche-und-handtucher\/#breadcrumb","itemListElement":[{"@type":"ListItem","position":1,"name":"Startseite","item":"https:\/\/wirwaschen.com\/"},{"@type":"ListItem","position":2,"name":"Mietw\u00e4sche buchen &#8211; Hotelw\u00e4sche, Bettw\u00e4sche und Handt\u00fccher"}]},{"@type":"WebSite","@id":"https:\/\/wirwaschen.com\/#website","url":"https:\/\/wirwaschen.com\/","name":"WirWaschen - W\u00e4scheservice in Berlin und deutschlandweit","description":"Der Service f\u00fcr all deine W\u00e4sche - mit Hol- und Bringservice","publisher":{"@id":"https:\/\/wirwaschen.com\/#organization"},"potentialAction":[{"@type":"SearchAction","target":{"@type":"EntryPoint","urlTemplate":"https:\/\/wirwaschen.com\/?s={search_term_string}"},"query-input":{"@type":"PropertyValueSpecification","valueRequired":true,"valueName":"search_term_string"}}],"inLanguage":"en-US"},{"@type":"Organization","@id":"https:\/\/wirwaschen.com\/#organization","name":"WirWaschen - W\u00e4scheservice in Berlin und deutschlandweit","url":"https:\/\/wirwaschen.com\/","logo":{"@type":"ImageObject","inLanguage":"en-US","@id":"https:\/\/wirwaschen.com\/#\/schema\/logo\/image\/","url":"https:\/\/wirwaschen.com\/wp-content\/uploads\/2023\/03\/WirWaschen_logo_transparent-bg.png","contentUrl":"https:\/\/wirwaschen.com\/wp-content\/uploads\/2023\/03\/WirWaschen_logo_transparent-bg.png","width":500,"height":100,"caption":"WirWaschen - W\u00e4scheservice in Berlin und deutschlandweit"},"image":{"@id":"https:\/\/wirwaschen.com\/#\/schema\/logo\/image\/"}}]}},"_links":{"self":[{"href":"https:\/\/wirwaschen.com\/en\/wp-json\/wp\/v2\/pages\/1420","targetHints":{"allow":["GET"]}}],"collection":[{"href":"https:\/\/wirwaschen.com\/en\/wp-json\/wp\/v2\/pages"}],"about":[{"href":"https:\/\/wirwaschen.com\/en\/wp-json\/wp\/v2\/types\/page"}],"author":[{"embeddable":true,"href":"https:\/\/wirwaschen.com\/en\/wp-json\/wp\/v2\/users\/1"}],"replies":[{"embeddable":true,"href":"https:\/\/wirwaschen.com\/en\/wp-json\/wp\/v2\/comments?post=1420"}],"version-history":[{"count":7,"href":"https:\/\/wirwaschen.com\/en\/wp-json\/wp\/v2\/pages\/1420\/revisions"}],"predecessor-version":[{"id":1427,"href":"https:\/\/wirwaschen.com\/en\/wp-json\/wp\/v2\/pages\/1420\/revisions\/1427"}],"wp:attachment":[{"href":"https:\/\/wirwaschen.com\/en\/wp-json\/wp\/v2\/media?parent=1420"}],"curies":[{"name":"wp","href":"https:\/\/api.w.org\/{rel}","templated":true}]}}