{"id":465,"date":"2023-07-03T11:58:37","date_gmt":"2023-07-03T11:58:37","guid":{"rendered":"https:\/\/wirwaschen.com\/?page_id=465"},"modified":"2023-07-03T15:33:01","modified_gmt":"2023-07-03T15:33:01","slug":"wash-and-fold-services-in-berlin","status":"publish","type":"page","link":"http:\/\/wirwaschen.com\/en\/wash-and-fold-services-in-berlin\/","title":{"rendered":"Wash and Fold Services in Berlin"},"content":{"rendered":"<div data-elementor-type=\"wp-page\" data-elementor-id=\"465\" class=\"elementor elementor-465\">\n\t\t\t\t\t\t<section class=\"elementor-section elementor-top-section elementor-element elementor-element-e01e091 elementor-section-boxed elementor-section-height-default elementor-section-height-default\" data-id=\"e01e091\" data-element_type=\"section\" data-e-type=\"section\">\n\t\t\t\t\t\t<div class=\"elementor-container elementor-column-gap-default\">\n\t\t\t\t\t<div class=\"elementor-column elementor-col-100 elementor-top-column elementor-element elementor-element-cfb60b4\" data-id=\"cfb60b4\" data-element_type=\"column\" data-e-type=\"column\">\n\t\t\t<div class=\"elementor-widget-wrap elementor-element-populated\">\n\t\t\t\t\t\t<div class=\"elementor-element elementor-element-f982c5d elementor-widget elementor-widget-heading\" data-id=\"f982c5d\" data-element_type=\"widget\" data-e-type=\"widget\" data-widget_type=\"heading.default\">\n\t\t\t\t<div class=\"elementor-widget-container\">\n\t\t\t\t\t<h2 class=\"elementor-heading-title elementor-size-default\">Wash &amp; Fold Services in Berlin<\/h2>\t\t\t\t<\/div>\n\t\t\t\t<\/div>\n\t\t\t\t\t<\/div>\n\t\t<\/div>\n\t\t\t\t\t<\/div>\n\t\t<\/section>\n\t\t\t\t<section class=\"elementor-section elementor-top-section elementor-element elementor-element-0793ac7 elementor-section-boxed elementor-section-height-default elementor-section-height-default\" data-id=\"0793ac7\" data-element_type=\"section\" data-e-type=\"section\">\n\t\t\t\t\t\t<div class=\"elementor-container elementor-column-gap-default\">\n\t\t\t\t\t<div class=\"elementor-column elementor-col-100 elementor-top-column elementor-element elementor-element-f4f7672\" data-id=\"f4f7672\" data-element_type=\"column\" data-e-type=\"column\">\n\t\t\t<div class=\"elementor-widget-wrap elementor-element-populated\">\n\t\t\t\t\t\t<div class=\"elementor-element elementor-element-c651c90 elementor-widget elementor-widget-text-editor\" data-id=\"c651c90\" data-element_type=\"widget\" data-e-type=\"widget\" data-widget_type=\"text-editor.default\">\n\t\t\t\t<div class=\"elementor-widget-container\">\n\t\t\t\t\t\t\t\t\t<h3>What is a wash and fold service?<\/h3><p>The term \"Wash &amp; Fold Service\" or also \"Wash, Dry, Fold Service\" comes from the USA. Wash and fold services offer a practical and time-saving solution for people who want to have their laundry done:<\/p><p>Customers can drop off their dirty laundry and it will be professionally washed, dried and returned folded. The service allows people to save precious time and energy that they would otherwise spend washing and folding their laundry. In addition, they can rest assured that their clothes will be handled by professionals who have the knowledge and resources to ensure a thorough, high-quality clean. <\/p>\t\t\t\t\t\t\t\t<\/div>\n\t\t\t\t<\/div>\n\t\t\t\t\t<\/div>\n\t\t<\/div>\n\t\t\t\t\t<\/div>\n\t\t<\/section>\n\t\t\t\t<section class=\"elementor-section elementor-top-section elementor-element elementor-element-2e0cb31 elementor-section-boxed elementor-section-height-default elementor-section-height-default\" data-id=\"2e0cb31\" data-element_type=\"section\" data-e-type=\"section\">\n\t\t\t\t\t\t<div class=\"elementor-container elementor-column-gap-default\">\n\t\t\t\t\t<div class=\"elementor-column elementor-col-100 elementor-top-column elementor-element elementor-element-9a34f4a\" data-id=\"9a34f4a\" data-element_type=\"column\" data-e-type=\"column\">\n\t\t\t<div class=\"elementor-widget-wrap elementor-element-populated\">\n\t\t\t\t\t\t<div class=\"elementor-element elementor-element-8cc84c3 elementor-widget elementor-widget-text-editor\" data-id=\"8cc84c3\" data-element_type=\"widget\" data-e-type=\"widget\" data-widget_type=\"text-editor.default\">\n\t\t\t\t<div class=\"elementor-widget-container\">\n\t\t\t\t\t\t\t\t\t<h3>Overview of Wash &amp; Fold Services in Berlin<\/h3><p>There are several Wash &amp; Fold services in Berlin, but most of them cannot be booked online. Only WirWaschen offers a professional Wash &amp; Fold service with pickup and delivery and easy online booking. Only those service providers are listed that charge by weight or wash loads, as charging by garments is usually too expensive and impractical for the normal Wash and Fold service:<\/p>\t\t\t\t\t\t\t\t<\/div>\n\t\t\t\t<\/div>\n\t\t\t\t\t<\/div>\n\t\t<\/div>\n\t\t\t\t\t<\/div>\n\t\t<\/section>\n\t\t\t\t<section class=\"elementor-section elementor-top-section elementor-element elementor-element-7bf8bed elementor-section-boxed elementor-section-height-default elementor-section-height-default\" data-id=\"7bf8bed\" data-element_type=\"section\" data-e-type=\"section\">\n\t\t\t\t\t\t<div class=\"elementor-container elementor-column-gap-default\">\n\t\t\t\t\t<div class=\"elementor-column elementor-col-100 elementor-top-column elementor-element elementor-element-e6f3c82\" data-id=\"e6f3c82\" data-element_type=\"column\" data-e-type=\"column\">\n\t\t\t<div class=\"elementor-widget-wrap elementor-element-populated\">\n\t\t\t\t\t\t<div class=\"elementor-element elementor-element-0cd75f7 elementor-widget elementor-widget-accordion\" data-id=\"0cd75f7\" data-element_type=\"widget\" data-e-type=\"widget\" data-widget_type=\"accordion.default\">\n\t\t\t\t<div class=\"elementor-widget-container\">\n\t\t\t\t\t\t\t<div class=\"elementor-accordion\">\n\t\t\t\t\t\t\t<div class=\"elementor-accordion-item\">\n\t\t\t\t\t<div id=\"elementor-tab-title-1341\" class=\"elementor-tab-title\" data-tab=\"1\" role=\"button\" aria-controls=\"elementor-tab-content-1341\" aria-expanded=\"false\">\n\t\t\t\t\t\t\t\t\t\t\t\t\t<span class=\"elementor-accordion-icon elementor-accordion-icon-left\" aria-hidden=\"true\">\n\t\t\t\t\t\t\t\t\t\t\t\t\t\t\t<span class=\"elementor-accordion-icon-closed\"><i class=\"fas fa-plus\"><\/i><\/span>\n\t\t\t\t\t\t\t\t<span class=\"elementor-accordion-icon-opened\"><i class=\"fas fa-minus\"><\/i><\/span>\n\t\t\t\t\t\t\t\t\t\t\t\t\t\t<\/span>\n\t\t\t\t\t\t\t\t\t\t\t\t<a class=\"elementor-accordion-title\" tabindex=\"0\">WIRWASCHEN<\/a>\n\t\t\t\t\t<\/div>\n\t\t\t\t\t<div id=\"elementor-tab-content-1341\" class=\"elementor-tab-content elementor-clearfix\" data-tab=\"1\" role=\"region\" aria-labelledby=\"elementor-tab-title-1341\"><ul>\n<li>Easy online booking<\/li>\n<li>Bearbeitungszeit wenige Tage<br><\/li>\n<li>Billing by weight: 3.99\u20ac per KG for washing, drying and folding<\/li>\n<li>Delivery fee: 4.99\u20ac<\/li>\n<li>Contact details:<br>Internet: <a href=\"http:\/\/wirwaschen.com\/en\/\">www.wirwaschen.com<\/a><br>Email: kontakt@wirwaschen.com<br>Phone: <a href=\"tel:+493062932599\" target=\"_blank\" rel=\"noopener\">+49 30 629 325 99<\/a><\/li>\n<\/ul><\/div>\n\t\t\t\t<\/div>\n\t\t\t\t\t\t\t<div class=\"elementor-accordion-item\">\n\t\t\t\t\t<div id=\"elementor-tab-title-1342\" class=\"elementor-tab-title\" data-tab=\"2\" role=\"button\" aria-controls=\"elementor-tab-content-1342\" aria-expanded=\"false\">\n\t\t\t\t\t\t\t\t\t\t\t\t\t<span class=\"elementor-accordion-icon elementor-accordion-icon-left\" aria-hidden=\"true\">\n\t\t\t\t\t\t\t\t\t\t\t\t\t\t\t<span class=\"elementor-accordion-icon-closed\"><i class=\"fas fa-plus\"><\/i><\/span>\n\t\t\t\t\t\t\t\t<span class=\"elementor-accordion-icon-opened\"><i class=\"fas fa-minus\"><\/i><\/span>\n\t\t\t\t\t\t\t\t\t\t\t\t\t\t<\/span>\n\t\t\t\t\t\t\t\t\t\t\t\t<a class=\"elementor-accordion-title\" tabindex=\"0\">The Laundry Room (Prenzlauer Berg)<\/a>\n\t\t\t\t\t<\/div>\n\t\t\t\t\t<div id=\"elementor-tab-content-1342\" class=\"elementor-tab-content elementor-clearfix\" data-tab=\"2\" role=\"region\" aria-labelledby=\"elementor-tab-title-1342\"><ul><li>Accepts laundry on site in Prenzlauer Berg during opening hours<\/li><li>No pickup or delivery<\/li><li>Opening hours: Monday - Friday, 8:00 a.m. to 12:00 p.m. and 2:00 p.m. to 7:00 p.m.<\/li><li>Processing time a few days<\/li><li>Billing by weight: 7.90\u20ac per KG for washing, drying and folding<\/li><li>Contact details:<br \/>Internet: <a href=\"https:\/\/website-3289422354073880673253-laundryservice.business.site\/\">https:\/\/website-3289422354073880673253-laundryservice.business.site\/<\/a><br \/>Email: tlroom100@gmail.com<br \/>Phone: 030 41209145<\/li><\/ul><\/div>\n\t\t\t\t<\/div>\n\t\t\t\t\t\t\t<div class=\"elementor-accordion-item\">\n\t\t\t\t\t<div id=\"elementor-tab-title-1343\" class=\"elementor-tab-title\" data-tab=\"3\" role=\"button\" aria-controls=\"elementor-tab-content-1343\" aria-expanded=\"false\">\n\t\t\t\t\t\t\t\t\t\t\t\t\t<span class=\"elementor-accordion-icon elementor-accordion-icon-left\" aria-hidden=\"true\">\n\t\t\t\t\t\t\t\t\t\t\t\t\t\t\t<span class=\"elementor-accordion-icon-closed\"><i class=\"fas fa-plus\"><\/i><\/span>\n\t\t\t\t\t\t\t\t<span class=\"elementor-accordion-icon-opened\"><i class=\"fas fa-minus\"><\/i><\/span>\n\t\t\t\t\t\t\t\t\t\t\t\t\t\t<\/span>\n\t\t\t\t\t\t\t\t\t\t\t\t<a class=\"elementor-accordion-title\" tabindex=\"0\">Kleeblatt Textilpflege (Mitte)<\/a>\n\t\t\t\t\t<\/div>\n\t\t\t\t\t<div id=\"elementor-tab-content-1343\" class=\"elementor-tab-content elementor-clearfix\" data-tab=\"3\" role=\"region\" aria-labelledby=\"elementor-tab-title-1343\"><ul><li>Accepts laundry on site in Mitte during opening hours<\/li><li>No pickup or delivery<\/li><li>Opening hours: Monday - Friday, 9 a.m. to 6 p.m, Saturday 9:00 a.m to 4:00 p.m.<\/li><li>Billing by weight: 8.00\u20ac per KG for washing, drying and folding<\/li><li>Contact details:<br \/>Internet: no known website or email<br \/>Phone: 030 35524074<\/li><\/ul><\/div>\n\t\t\t\t<\/div>\n\t\t\t\t\t\t\t<div class=\"elementor-accordion-item\">\n\t\t\t\t\t<div id=\"elementor-tab-title-1344\" class=\"elementor-tab-title\" data-tab=\"4\" role=\"button\" aria-controls=\"elementor-tab-content-1344\" aria-expanded=\"false\">\n\t\t\t\t\t\t\t\t\t\t\t\t\t<span class=\"elementor-accordion-icon elementor-accordion-icon-left\" aria-hidden=\"true\">\n\t\t\t\t\t\t\t\t\t\t\t\t\t\t\t<span class=\"elementor-accordion-icon-closed\"><i class=\"fas fa-plus\"><\/i><\/span>\n\t\t\t\t\t\t\t\t<span class=\"elementor-accordion-icon-opened\"><i class=\"fas fa-minus\"><\/i><\/span>\n\t\t\t\t\t\t\t\t\t\t\t\t\t\t<\/span>\n\t\t\t\t\t\t\t\t\t\t\t\t<a class=\"elementor-accordion-title\" tabindex=\"0\">Waschhaus Pankow<\/a>\n\t\t\t\t\t<\/div>\n\t\t\t\t\t<div id=\"elementor-tab-content-1344\" class=\"elementor-tab-content elementor-clearfix\" data-tab=\"4\" role=\"region\" aria-labelledby=\"elementor-tab-title-1344\"><ul><li>Accepts laundry on site in Pankow during opening hours<\/li><li>Opening hours: Monday - Friday, 8:00 a.m. to 4:00 p.m.<\/li><li>Processing time a few days<\/li><li>Billing by weight: 4.00\u20ac per KG for washing, drying and folding<\/li><li>Contact details:<br \/>Internet: <a href=\"https:\/\/das-waschhaus.business.site\/\">https:\/\/das-waschhaus.business.site\/<\/a><br \/>Phone: 030 47034706<\/li><\/ul><\/div>\n\t\t\t\t<\/div>\n\t\t\t\t\t\t\t<div class=\"elementor-accordion-item\">\n\t\t\t\t\t<div id=\"elementor-tab-title-1345\" class=\"elementor-tab-title\" data-tab=\"5\" role=\"button\" aria-controls=\"elementor-tab-content-1345\" aria-expanded=\"false\">\n\t\t\t\t\t\t\t\t\t\t\t\t\t<span class=\"elementor-accordion-icon elementor-accordion-icon-left\" aria-hidden=\"true\">\n\t\t\t\t\t\t\t\t\t\t\t\t\t\t\t<span class=\"elementor-accordion-icon-closed\"><i class=\"fas fa-plus\"><\/i><\/span>\n\t\t\t\t\t\t\t\t<span class=\"elementor-accordion-icon-opened\"><i class=\"fas fa-minus\"><\/i><\/span>\n\t\t\t\t\t\t\t\t\t\t\t\t\t\t<\/span>\n\t\t\t\t\t\t\t\t\t\t\t\t<a class=\"elementor-accordion-title\" tabindex=\"0\">Freddy Leck sein Waschsalon (Moabit)<\/a>\n\t\t\t\t\t<\/div>\n\t\t\t\t\t<div id=\"elementor-tab-content-1345\" class=\"elementor-tab-content elementor-clearfix\" data-tab=\"5\" role=\"region\" aria-labelledby=\"elementor-tab-title-1345\"><ul><li>Accepts laundry on site in Moabit during opening hours<\/li><li>Pickup or delivery: 15.00\u20ac, to be booked by phone<\/li><li>Opening hours: Monday - Sunday, 8:00 a.m. to 10:00 p.m. <\/li><li>Usually 1 day processing time<\/li><li>Billing by wash load: 13,90\u20ac to 33,00\u20ac per wash load for washing, drying and folding<\/li><li>Contact details:<br \/>Internet: <a href=\"https:\/\/www.freddy-leck-sein-waschsalon.de\/\">www.freddy-leck-sein-waschsalon.de<\/a><br \/>Email: herrfreddyleck@web.de Phone: 030 50916652<\/li><\/ul><\/div>\n\t\t\t\t<\/div>\n\t\t\t\t\t\t\t\t<\/div>\n\t\t\t\t\t\t<\/div>\n\t\t\t\t<\/div>\n\t\t\t\t\t<\/div>\n\t\t<\/div>\n\t\t\t\t\t<\/div>\n\t\t<\/section>\n\t\t\t\t<section class=\"elementor-section elementor-top-section elementor-element elementor-element-71f47bb elementor-section-boxed elementor-section-height-default elementor-section-height-default\" data-id=\"71f47bb\" data-element_type=\"section\" data-e-type=\"section\" data-settings=\"{&quot;background_background&quot;:&quot;classic&quot;}\">\n\t\t\t\t\t\t<div class=\"elementor-container elementor-column-gap-default\">\n\t\t\t\t\t<div class=\"elementor-column elementor-col-100 elementor-top-column elementor-element elementor-element-73eab2a\" data-id=\"73eab2a\" data-element_type=\"column\" data-e-type=\"column\">\n\t\t\t<div class=\"elementor-widget-wrap elementor-element-populated\">\n\t\t\t\t\t\t<div class=\"elementor-element elementor-element-256744f elementor-align-center elementor-widget elementor-widget-button\" data-id=\"256744f\" data-element_type=\"widget\" data-e-type=\"widget\" data-widget_type=\"button.default\">\n\t\t\t\t<div class=\"elementor-widget-container\">\n\t\t\t\t\t\t\t\t\t<div class=\"elementor-button-wrapper\">\n\t\t\t\t\t<a class=\"elementor-button elementor-button-link elementor-size-sm\" href=\"http:\/\/wirwaschen.com\/en\/order\/\">\n\t\t\t\t\t\t<span class=\"elementor-button-content-wrapper\">\n\t\t\t\t\t\t\t\t\t<span class=\"elementor-button-text\">WirWaschen buchen<\/span>\n\t\t\t\t\t<\/span>\n\t\t\t\t\t<\/a>\n\t\t\t\t<\/div>\n\t\t\t\t\t\t\t\t<\/div>\n\t\t\t\t<\/div>\n\t\t\t\t\t<\/div>\n\t\t<\/div>\n\t\t\t\t\t<\/div>\n\t\t<\/section>\n\t\t\t\t<\/div>","protected":false},"excerpt":{"rendered":"<p>Wash &amp; Fold Services in Berlin Was ist ein Wash and Fold Service? Der Begriff &#8222;Wash &amp; Fold Service&#8220; oder auch &#8222;Wash, Dry, Fold Service&#8220; kommt aus den USA. Wasch- und Falt-Dienstleistungen bieten eine praktische und zeitsparende L\u00f6sung f\u00fcr Menschen, die ihre W\u00e4sche erledigen lassen m\u00f6chten: Kunden k\u00f6nnen ihre schmutzige W\u00e4sche abgeben und sie wird [&hellip;]<\/p>\n","protected":false},"author":1,"featured_media":0,"parent":0,"menu_order":0,"comment_status":"closed","ping_status":"closed","template":"elementor_header_footer","meta":{"om_disable_all_campaigns":false,"_monsterinsights_skip_tracking":false,"_monsterinsights_sitenote_active":false,"_monsterinsights_sitenote_note":"","_monsterinsights_sitenote_category":0,"footnotes":""},"class_list":["post-465","page","type-page","status-publish","hentry"],"yoast_head":"<!-- This site is optimized with the Yoast SEO plugin v27.4 - https:\/\/yoast.com\/product\/yoast-seo-wordpress\/ -->\n<title>Wash and Fold Services in Berlin - WirWaschen - W\u00e4scheservice in Berlin und deutschlandweit<\/title>\n<meta name=\"description\" content=\"Wash &amp; Fold Services in Berlin are not very common, even less so with pickup and delivery. This is overview of service providers and pricing.\" \/>\n<meta name=\"robots\" content=\"index, follow, max-snippet:-1, max-image-preview:large, max-video-preview:-1\" \/>\n<link rel=\"canonical\" href=\"http:\/\/wirwaschen.com\/en\/wash-and-fold-services-in-berlin\/\" \/>\n<meta property=\"og:locale\" content=\"en_US\" \/>\n<meta property=\"og:type\" content=\"article\" \/>\n<meta property=\"og:title\" content=\"Wash and Fold Services in Berlin - WirWaschen - W\u00e4scheservice in Berlin und deutschlandweit\" \/>\n<meta property=\"og:description\" content=\"Wash &amp; Fold Services in Berlin are not very common, even less so with pickup and delivery. This is overview of service providers and pricing.\" \/>\n<meta property=\"og:url\" content=\"http:\/\/wirwaschen.com\/en\/wash-and-fold-services-in-berlin\/\" \/>\n<meta property=\"og:site_name\" content=\"WirWaschen - W\u00e4scheservice in Berlin und deutschlandweit\" \/>\n<meta property=\"article:modified_time\" content=\"2023-07-03T15:33:01+00:00\" \/>\n<meta name=\"twitter:card\" content=\"summary_large_image\" \/>\n<meta name=\"twitter:label1\" content=\"Est. reading time\" \/>\n\t<meta name=\"twitter:data1\" content=\"3 minutes\" \/>\n<script type=\"application\/ld+json\" class=\"yoast-schema-graph\">{\"@context\":\"https:\\\/\\\/schema.org\",\"@graph\":[{\"@type\":\"WebPage\",\"@id\":\"https:\\\/\\\/wirwaschen.com\\\/wash-and-fold-services-in-berlin\\\/\",\"url\":\"https:\\\/\\\/wirwaschen.com\\\/wash-and-fold-services-in-berlin\\\/\",\"name\":\"Wash and Fold Services in Berlin - WirWaschen - W\u00e4scheservice in Berlin und deutschlandweit\",\"isPartOf\":{\"@id\":\"https:\\\/\\\/wirwaschen.com\\\/#website\"},\"datePublished\":\"2023-07-03T11:58:37+00:00\",\"dateModified\":\"2023-07-03T15:33:01+00:00\",\"description\":\"Wash & Fold Services in Berlin are not very common, even less so with pickup and delivery. This is overview of service providers and pricing.\",\"breadcrumb\":{\"@id\":\"https:\\\/\\\/wirwaschen.com\\\/wash-and-fold-services-in-berlin\\\/#breadcrumb\"},\"inLanguage\":\"en-US\",\"potentialAction\":[{\"@type\":\"ReadAction\",\"target\":[\"https:\\\/\\\/wirwaschen.com\\\/wash-and-fold-services-in-berlin\\\/\"]}]},{\"@type\":\"BreadcrumbList\",\"@id\":\"https:\\\/\\\/wirwaschen.com\\\/wash-and-fold-services-in-berlin\\\/#breadcrumb\",\"itemListElement\":[{\"@type\":\"ListItem\",\"position\":1,\"name\":\"Startseite\",\"item\":\"https:\\\/\\\/wirwaschen.com\\\/\"},{\"@type\":\"ListItem\",\"position\":2,\"name\":\"Wash and Fold Services in Berlin\"}]},{\"@type\":\"WebSite\",\"@id\":\"https:\\\/\\\/wirwaschen.com\\\/#website\",\"url\":\"https:\\\/\\\/wirwaschen.com\\\/\",\"name\":\"WirWaschen - W\u00e4scheservice in Berlin und deutschlandweit\",\"description\":\"Der Service f\u00fcr all deine W\u00e4sche - mit Hol- und Bringservice\",\"publisher\":{\"@id\":\"https:\\\/\\\/wirwaschen.com\\\/#organization\"},\"potentialAction\":[{\"@type\":\"SearchAction\",\"target\":{\"@type\":\"EntryPoint\",\"urlTemplate\":\"https:\\\/\\\/wirwaschen.com\\\/?s={search_term_string}\"},\"query-input\":{\"@type\":\"PropertyValueSpecification\",\"valueRequired\":true,\"valueName\":\"search_term_string\"}}],\"inLanguage\":\"en-US\"},{\"@type\":\"Organization\",\"@id\":\"https:\\\/\\\/wirwaschen.com\\\/#organization\",\"name\":\"WirWaschen - W\u00e4scheservice in Berlin und deutschlandweit\",\"url\":\"https:\\\/\\\/wirwaschen.com\\\/\",\"logo\":{\"@type\":\"ImageObject\",\"inLanguage\":\"en-US\",\"@id\":\"https:\\\/\\\/wirwaschen.com\\\/#\\\/schema\\\/logo\\\/image\\\/\",\"url\":\"https:\\\/\\\/wirwaschen.com\\\/wp-content\\\/uploads\\\/2023\\\/03\\\/WirWaschen_logo_transparent-bg.png\",\"contentUrl\":\"https:\\\/\\\/wirwaschen.com\\\/wp-content\\\/uploads\\\/2023\\\/03\\\/WirWaschen_logo_transparent-bg.png\",\"width\":500,\"height\":100,\"caption\":\"WirWaschen - W\u00e4scheservice in Berlin und deutschlandweit\"},\"image\":{\"@id\":\"https:\\\/\\\/wirwaschen.com\\\/#\\\/schema\\\/logo\\\/image\\\/\"}}]}<\/script>\n<!-- \/ Yoast SEO plugin. -->","yoast_head_json":{"title":"Wash and Fold Services in Berlin - WirWaschen - W\u00e4scheservice in Berlin und deutschlandweit","description":"Wash & Fold Services in Berlin are not very common, even less so with pickup and delivery. This is overview of service providers and pricing.","robots":{"index":"index","follow":"follow","max-snippet":"max-snippet:-1","max-image-preview":"max-image-preview:large","max-video-preview":"max-video-preview:-1"},"canonical":"http:\/\/wirwaschen.com\/en\/wash-and-fold-services-in-berlin\/","og_locale":"en_US","og_type":"article","og_title":"Wash and Fold Services in Berlin - WirWaschen - W\u00e4scheservice in Berlin und deutschlandweit","og_description":"Wash & Fold Services in Berlin are not very common, even less so with pickup and delivery. This is overview of service providers and pricing.","og_url":"http:\/\/wirwaschen.com\/en\/wash-and-fold-services-in-berlin\/","og_site_name":"WirWaschen - W\u00e4scheservice in Berlin und deutschlandweit","article_modified_time":"2023-07-03T15:33:01+00:00","twitter_card":"summary_large_image","twitter_misc":{"Est. reading time":"3 minutes"},"schema":{"@context":"https:\/\/schema.org","@graph":[{"@type":"WebPage","@id":"https:\/\/wirwaschen.com\/wash-and-fold-services-in-berlin\/","url":"https:\/\/wirwaschen.com\/wash-and-fold-services-in-berlin\/","name":"Wash and Fold Services in Berlin - WirWaschen - W\u00e4scheservice in Berlin und deutschlandweit","isPartOf":{"@id":"https:\/\/wirwaschen.com\/#website"},"datePublished":"2023-07-03T11:58:37+00:00","dateModified":"2023-07-03T15:33:01+00:00","description":"Wash & Fold Services in Berlin are not very common, even less so with pickup and delivery. This is overview of service providers and pricing.","breadcrumb":{"@id":"https:\/\/wirwaschen.com\/wash-and-fold-services-in-berlin\/#breadcrumb"},"inLanguage":"en-US","potentialAction":[{"@type":"ReadAction","target":["https:\/\/wirwaschen.com\/wash-and-fold-services-in-berlin\/"]}]},{"@type":"BreadcrumbList","@id":"https:\/\/wirwaschen.com\/wash-and-fold-services-in-berlin\/#breadcrumb","itemListElement":[{"@type":"ListItem","position":1,"name":"Startseite","item":"https:\/\/wirwaschen.com\/"},{"@type":"ListItem","position":2,"name":"Wash and Fold Services in Berlin"}]},{"@type":"WebSite","@id":"https:\/\/wirwaschen.com\/#website","url":"https:\/\/wirwaschen.com\/","name":"WirWaschen - W\u00e4scheservice in Berlin und deutschlandweit","description":"Der Service f\u00fcr all deine W\u00e4sche - mit Hol- und Bringservice","publisher":{"@id":"https:\/\/wirwaschen.com\/#organization"},"potentialAction":[{"@type":"SearchAction","target":{"@type":"EntryPoint","urlTemplate":"https:\/\/wirwaschen.com\/?s={search_term_string}"},"query-input":{"@type":"PropertyValueSpecification","valueRequired":true,"valueName":"search_term_string"}}],"inLanguage":"en-US"},{"@type":"Organization","@id":"https:\/\/wirwaschen.com\/#organization","name":"WirWaschen - W\u00e4scheservice in Berlin und deutschlandweit","url":"https:\/\/wirwaschen.com\/","logo":{"@type":"ImageObject","inLanguage":"en-US","@id":"https:\/\/wirwaschen.com\/#\/schema\/logo\/image\/","url":"https:\/\/wirwaschen.com\/wp-content\/uploads\/2023\/03\/WirWaschen_logo_transparent-bg.png","contentUrl":"https:\/\/wirwaschen.com\/wp-content\/uploads\/2023\/03\/WirWaschen_logo_transparent-bg.png","width":500,"height":100,"caption":"WirWaschen - W\u00e4scheservice in Berlin und deutschlandweit"},"image":{"@id":"https:\/\/wirwaschen.com\/#\/schema\/logo\/image\/"}}]}},"_links":{"self":[{"href":"http:\/\/wirwaschen.com\/en\/wp-json\/wp\/v2\/pages\/465","targetHints":{"allow":["GET"]}}],"collection":[{"href":"http:\/\/wirwaschen.com\/en\/wp-json\/wp\/v2\/pages"}],"about":[{"href":"http:\/\/wirwaschen.com\/en\/wp-json\/wp\/v2\/types\/page"}],"author":[{"embeddable":true,"href":"http:\/\/wirwaschen.com\/en\/wp-json\/wp\/v2\/users\/1"}],"replies":[{"embeddable":true,"href":"http:\/\/wirwaschen.com\/en\/wp-json\/wp\/v2\/comments?post=465"}],"version-history":[{"count":0,"href":"http:\/\/wirwaschen.com\/en\/wp-json\/wp\/v2\/pages\/465\/revisions"}],"wp:attachment":[{"href":"http:\/\/wirwaschen.com\/en\/wp-json\/wp\/v2\/media?parent=465"}],"curies":[{"name":"wp","href":"https:\/\/api.w.org\/{rel}","templated":true}]}}