{"id":157,"date":"2023-04-07T06:20:15","date_gmt":"2023-04-07T06:20:15","guid":{"rendered":"http:\/\/wirwaschen.com\/?page_id=157"},"modified":"2025-09-03T11:22:12","modified_gmt":"2025-09-03T11:22:12","slug":"impressum","status":"publish","type":"page","link":"http:\/\/wirwaschen.com\/en\/imprint\/","title":{"rendered":"Imprint"},"content":{"rendered":"<div data-elementor-type=\"wp-page\" data-elementor-id=\"157\" class=\"elementor elementor-157\">\n\t\t\t\t\t\t<section class=\"elementor-section elementor-top-section elementor-element elementor-element-1b36488 elementor-section-boxed elementor-section-height-default elementor-section-height-default\" data-id=\"1b36488\" data-element_type=\"section\" data-e-type=\"section\">\n\t\t\t\t\t\t<div class=\"elementor-container elementor-column-gap-default\">\n\t\t\t\t\t<div class=\"elementor-column elementor-col-100 elementor-top-column elementor-element elementor-element-974f589\" data-id=\"974f589\" data-element_type=\"column\" data-e-type=\"column\">\n\t\t\t<div class=\"elementor-widget-wrap elementor-element-populated\">\n\t\t\t\t\t\t<div class=\"elementor-element elementor-element-ac13b56 elementor-widget elementor-widget-heading\" data-id=\"ac13b56\" data-element_type=\"widget\" data-e-type=\"widget\" data-widget_type=\"heading.default\">\n\t\t\t\t<div class=\"elementor-widget-container\">\n\t\t\t\t\t<h2 class=\"elementor-heading-title elementor-size-default\">Contact details<\/h2>\t\t\t\t<\/div>\n\t\t\t\t<\/div>\n\t\t\t\t\t<\/div>\n\t\t<\/div>\n\t\t\t\t\t<\/div>\n\t\t<\/section>\n\t\t\t\t<section class=\"elementor-section elementor-top-section elementor-element elementor-element-8dd27c2 elementor-section-boxed elementor-section-height-default elementor-section-height-default\" data-id=\"8dd27c2\" data-element_type=\"section\" data-e-type=\"section\">\n\t\t\t\t\t\t<div class=\"elementor-container elementor-column-gap-default\">\n\t\t\t\t\t<div class=\"elementor-column elementor-col-100 elementor-top-column elementor-element elementor-element-28c1d0f\" data-id=\"28c1d0f\" data-element_type=\"column\" data-e-type=\"column\">\n\t\t\t<div class=\"elementor-widget-wrap elementor-element-populated\">\n\t\t\t\t\t\t<div class=\"elementor-element elementor-element-ac0629d elementor-widget elementor-widget-text-editor\" data-id=\"ac0629d\" data-element_type=\"widget\" data-e-type=\"widget\" data-widget_type=\"text-editor.default\">\n\t\t\t\t<div class=\"elementor-widget-container\">\n\t\t\t\t\t\t\t\t\t<p>Please get in touch if our <a href=\"http:\/\/wirwaschen.com\/en\/services-and-prices\/\">FAQ<\/a> don't answer all your questions:<\/p><p>Email: <a href=\"mailto:kontakt@wirwaschen.com\" target=\"_new\">kontakt@wirwaschen.com<br \/><\/a>Phone: <a href=\"tel:+493062932599\" target=\"_blank\" rel=\"noopener\">+49 30 629 325 99<\/a><\/p>\t\t\t\t\t\t\t\t<\/div>\n\t\t\t\t<\/div>\n\t\t\t\t<div class=\"elementor-element elementor-element-fae94d8 elementor-widget elementor-widget-heading\" data-id=\"fae94d8\" data-element_type=\"widget\" data-e-type=\"widget\" data-widget_type=\"heading.default\">\n\t\t\t\t<div class=\"elementor-widget-container\">\n\t\t\t\t\t<h2 class=\"elementor-heading-title elementor-size-default\">Imprint<\/h2>\t\t\t\t<\/div>\n\t\t\t\t<\/div>\n\t\t\t\t<div class=\"elementor-element elementor-element-7811640 elementor-widget elementor-widget-text-editor\" data-id=\"7811640\" data-element_type=\"widget\" data-e-type=\"widget\" data-widget_type=\"text-editor.default\">\n\t\t\t\t<div class=\"elementor-widget-container\">\n\t\t\t\t\t\t\t\t\t<p>Name:<br \/>WirWaschen GmbH<\/p><p>Kolonnenstr. 8<br \/>10827 Berlin<\/p><p>Contact details:<br \/>Email: <a href=\"mailto:kontakt@wirwaschen.com\" target=\"_new\">kontakt@wirwaschen.com<\/a><\/p><p>Handelsregister: Amtsgericht Charlottenburg, HRB 254433 B<\/p><p>Gesch\u00e4ftsf\u00fchrer und verantwortlich f\u00fcr den Inhalt nach \u00a7 55 Abs. 2 RStV:<br \/>Felix Schaar, Anschrift siehe oben<\/p>\t\t\t\t\t\t\t\t<\/div>\n\t\t\t\t<\/div>\n\t\t\t\t\t<\/div>\n\t\t<\/div>\n\t\t\t\t\t<\/div>\n\t\t<\/section>\n\t\t\t\t<\/div>","protected":false},"excerpt":{"rendered":"<p>Kontakt Falls unsere FAQ deine Fragen nicht beantworten, melde dich gerne: E-Mail: kontakt@wirwaschen.comTelefon: +49 30 629 325 99 Impressum Name:WirWaschen GmbH Kolonnenstr. 810827 Berlin Kontakt:E-Mail: kontakt@wirwaschen.com Handelsregister: Amtsgericht Charlottenburg, HRB 254433 B Gesch\u00e4ftsf\u00fchrer und verantwortlich f\u00fcr den Inhalt nach \u00a7 55 Abs. 2 RStV:Felix Schaar, Anschrift siehe oben<\/p>","protected":false},"author":1,"featured_media":0,"parent":0,"menu_order":0,"comment_status":"closed","ping_status":"closed","template":"elementor_header_footer","meta":{"om_disable_all_campaigns":false,"_monsterinsights_skip_tracking":false,"_monsterinsights_sitenote_active":false,"_monsterinsights_sitenote_note":"","_monsterinsights_sitenote_category":0,"footnotes":""},"class_list":["post-157","page","type-page","status-publish","hentry"],"yoast_head":"<!-- This site is optimized with the Yoast SEO plugin v27.4 - https:\/\/yoast.com\/product\/yoast-seo-wordpress\/ -->\n<title>Impressum - WirWaschen - W\u00e4scheservice in Berlin, Hamburg und deutschlandweit<\/title>\n<meta name=\"robots\" content=\"index, follow, max-snippet:-1, max-image-preview:large, max-video-preview:-1\" \/>\n<link rel=\"canonical\" href=\"http:\/\/wirwaschen.com\/en\/imprint\/\" \/>\n<meta property=\"og:locale\" content=\"en_US\" \/>\n<meta property=\"og:type\" content=\"article\" \/>\n<meta property=\"og:title\" content=\"Impressum - WirWaschen - W\u00e4scheservice in Berlin, Hamburg und deutschlandweit\" \/>\n<meta property=\"og:description\" content=\"Kontakt Falls unsere FAQ deine Fragen nicht beantworten, melde dich gerne: E-Mail: kontakt@wirwaschen.comTelefon: +49 30 629 325 99 Impressum Name:WirWaschen GmbH Kolonnenstr. 810827 Berlin Kontakt:E-Mail: kontakt@wirwaschen.com Handelsregister: Amtsgericht Charlottenburg, HRB 254433 B Gesch\u00e4ftsf\u00fchrer und verantwortlich f\u00fcr den Inhalt nach \u00a7 55 Abs. 2 RStV:Felix Schaar, Anschrift siehe oben\" \/>\n<meta property=\"og:url\" content=\"http:\/\/wirwaschen.com\/en\/imprint\/\" \/>\n<meta property=\"og:site_name\" content=\"WirWaschen - W\u00e4scheservice in Berlin, Hamburg und deutschlandweit\" \/>\n<meta property=\"article:modified_time\" content=\"2025-09-03T11:22:12+00:00\" \/>\n<meta name=\"twitter:card\" content=\"summary_large_image\" \/>\n<meta name=\"twitter:label1\" content=\"Est. reading time\" \/>\n\t<meta name=\"twitter:data1\" content=\"1 minute\" \/>\n<script type=\"application\/ld+json\" class=\"yoast-schema-graph\">{\"@context\":\"https:\\\/\\\/schema.org\",\"@graph\":[{\"@type\":\"WebPage\",\"@id\":\"https:\\\/\\\/wirwaschen.com\\\/impressum\\\/\",\"url\":\"https:\\\/\\\/wirwaschen.com\\\/impressum\\\/\",\"name\":\"Impressum - WirWaschen - W\u00e4scheservice in Berlin, Hamburg und deutschlandweit\",\"isPartOf\":{\"@id\":\"https:\\\/\\\/wirwaschen.com\\\/#website\"},\"datePublished\":\"2023-04-07T06:20:15+00:00\",\"dateModified\":\"2025-09-03T11:22:12+00:00\",\"breadcrumb\":{\"@id\":\"https:\\\/\\\/wirwaschen.com\\\/impressum\\\/#breadcrumb\"},\"inLanguage\":\"en-US\",\"potentialAction\":[{\"@type\":\"ReadAction\",\"target\":[\"https:\\\/\\\/wirwaschen.com\\\/impressum\\\/\"]}]},{\"@type\":\"BreadcrumbList\",\"@id\":\"https:\\\/\\\/wirwaschen.com\\\/impressum\\\/#breadcrumb\",\"itemListElement\":[{\"@type\":\"ListItem\",\"position\":1,\"name\":\"Startseite\",\"item\":\"https:\\\/\\\/wirwaschen.com\\\/\"},{\"@type\":\"ListItem\",\"position\":2,\"name\":\"Impressum\"}]},{\"@type\":\"WebSite\",\"@id\":\"https:\\\/\\\/wirwaschen.com\\\/#website\",\"url\":\"https:\\\/\\\/wirwaschen.com\\\/\",\"name\":\"WirWaschen - W\u00e4scheservice in Berlin, Hamburg und deutschlandweit\",\"description\":\"Der Service f\u00fcr all deine W\u00e4sche und f\u00fcr Mietw\u00e4sche - mit Hol- und Bringservice\",\"publisher\":{\"@id\":\"https:\\\/\\\/wirwaschen.com\\\/#organization\"},\"potentialAction\":[{\"@type\":\"SearchAction\",\"target\":{\"@type\":\"EntryPoint\",\"urlTemplate\":\"https:\\\/\\\/wirwaschen.com\\\/?s={search_term_string}\"},\"query-input\":{\"@type\":\"PropertyValueSpecification\",\"valueRequired\":true,\"valueName\":\"search_term_string\"}}],\"inLanguage\":\"en-US\"},{\"@type\":\"Organization\",\"@id\":\"https:\\\/\\\/wirwaschen.com\\\/#organization\",\"name\":\"WirWaschen - W\u00e4scheservice in Berlin, Hamburg und deutschlandweit\",\"url\":\"https:\\\/\\\/wirwaschen.com\\\/\",\"logo\":{\"@type\":\"ImageObject\",\"inLanguage\":\"en-US\",\"@id\":\"https:\\\/\\\/wirwaschen.com\\\/#\\\/schema\\\/logo\\\/image\\\/\",\"url\":\"https:\\\/\\\/wirwaschen.com\\\/wp-content\\\/uploads\\\/2023\\\/03\\\/WirWaschen_logo_transparent-bg.png\",\"contentUrl\":\"https:\\\/\\\/wirwaschen.com\\\/wp-content\\\/uploads\\\/2023\\\/03\\\/WirWaschen_logo_transparent-bg.png\",\"width\":500,\"height\":100,\"caption\":\"WirWaschen - W\u00e4scheservice in Berlin, Hamburg und deutschlandweit\"},\"image\":{\"@id\":\"https:\\\/\\\/wirwaschen.com\\\/#\\\/schema\\\/logo\\\/image\\\/\"}}]}<\/script>\n<!-- \/ Yoast SEO plugin. -->","yoast_head_json":{"title":"Impressum - WirWaschen - W\u00e4scheservice in Berlin, Hamburg und deutschlandweit","robots":{"index":"index","follow":"follow","max-snippet":"max-snippet:-1","max-image-preview":"max-image-preview:large","max-video-preview":"max-video-preview:-1"},"canonical":"http:\/\/wirwaschen.com\/en\/imprint\/","og_locale":"en_US","og_type":"article","og_title":"Impressum - WirWaschen - W\u00e4scheservice in Berlin, Hamburg und deutschlandweit","og_description":"Kontakt Falls unsere FAQ deine Fragen nicht beantworten, melde dich gerne: E-Mail: kontakt@wirwaschen.comTelefon: +49 30 629 325 99 Impressum Name:WirWaschen GmbH Kolonnenstr. 810827 Berlin Kontakt:E-Mail: kontakt@wirwaschen.com Handelsregister: Amtsgericht Charlottenburg, HRB 254433 B Gesch\u00e4ftsf\u00fchrer und verantwortlich f\u00fcr den Inhalt nach \u00a7 55 Abs. 2 RStV:Felix Schaar, Anschrift siehe oben","og_url":"http:\/\/wirwaschen.com\/en\/imprint\/","og_site_name":"WirWaschen - W\u00e4scheservice in Berlin, Hamburg und deutschlandweit","article_modified_time":"2025-09-03T11:22:12+00:00","twitter_card":"summary_large_image","twitter_misc":{"Est. reading time":"1 minute"},"schema":{"@context":"https:\/\/schema.org","@graph":[{"@type":"WebPage","@id":"https:\/\/wirwaschen.com\/impressum\/","url":"https:\/\/wirwaschen.com\/impressum\/","name":"Impressum - WirWaschen - W\u00e4scheservice in Berlin, Hamburg und deutschlandweit","isPartOf":{"@id":"https:\/\/wirwaschen.com\/#website"},"datePublished":"2023-04-07T06:20:15+00:00","dateModified":"2025-09-03T11:22:12+00:00","breadcrumb":{"@id":"https:\/\/wirwaschen.com\/impressum\/#breadcrumb"},"inLanguage":"en-US","potentialAction":[{"@type":"ReadAction","target":["https:\/\/wirwaschen.com\/impressum\/"]}]},{"@type":"BreadcrumbList","@id":"https:\/\/wirwaschen.com\/impressum\/#breadcrumb","itemListElement":[{"@type":"ListItem","position":1,"name":"Startseite","item":"https:\/\/wirwaschen.com\/"},{"@type":"ListItem","position":2,"name":"Impressum"}]},{"@type":"WebSite","@id":"https:\/\/wirwaschen.com\/#website","url":"https:\/\/wirwaschen.com\/","name":"WirWaschen - W\u00e4scheservice in Berlin, Hamburg und deutschlandweit","description":"Der Service f\u00fcr all deine W\u00e4sche und f\u00fcr Mietw\u00e4sche - mit Hol- und Bringservice","publisher":{"@id":"https:\/\/wirwaschen.com\/#organization"},"potentialAction":[{"@type":"SearchAction","target":{"@type":"EntryPoint","urlTemplate":"https:\/\/wirwaschen.com\/?s={search_term_string}"},"query-input":{"@type":"PropertyValueSpecification","valueRequired":true,"valueName":"search_term_string"}}],"inLanguage":"en-US"},{"@type":"Organization","@id":"https:\/\/wirwaschen.com\/#organization","name":"WirWaschen - W\u00e4scheservice in Berlin, Hamburg und deutschlandweit","url":"https:\/\/wirwaschen.com\/","logo":{"@type":"ImageObject","inLanguage":"en-US","@id":"https:\/\/wirwaschen.com\/#\/schema\/logo\/image\/","url":"https:\/\/wirwaschen.com\/wp-content\/uploads\/2023\/03\/WirWaschen_logo_transparent-bg.png","contentUrl":"https:\/\/wirwaschen.com\/wp-content\/uploads\/2023\/03\/WirWaschen_logo_transparent-bg.png","width":500,"height":100,"caption":"WirWaschen - W\u00e4scheservice in Berlin, Hamburg und deutschlandweit"},"image":{"@id":"https:\/\/wirwaschen.com\/#\/schema\/logo\/image\/"}}]}},"_links":{"self":[{"href":"http:\/\/wirwaschen.com\/en\/wp-json\/wp\/v2\/pages\/157","targetHints":{"allow":["GET"]}}],"collection":[{"href":"http:\/\/wirwaschen.com\/en\/wp-json\/wp\/v2\/pages"}],"about":[{"href":"http:\/\/wirwaschen.com\/en\/wp-json\/wp\/v2\/types\/page"}],"author":[{"embeddable":true,"href":"http:\/\/wirwaschen.com\/en\/wp-json\/wp\/v2\/users\/1"}],"replies":[{"embeddable":true,"href":"http:\/\/wirwaschen.com\/en\/wp-json\/wp\/v2\/comments?post=157"}],"version-history":[{"count":6,"href":"http:\/\/wirwaschen.com\/en\/wp-json\/wp\/v2\/pages\/157\/revisions"}],"predecessor-version":[{"id":2044,"href":"http:\/\/wirwaschen.com\/en\/wp-json\/wp\/v2\/pages\/157\/revisions\/2044"}],"wp:attachment":[{"href":"http:\/\/wirwaschen.com\/en\/wp-json\/wp\/v2\/media?parent=157"}],"curies":[{"name":"wp","href":"https:\/\/api.w.org\/{rel}","templated":true}]}}